{"id":3800,"date":"2025-04-21T12:29:14","date_gmt":"2025-04-21T12:29:14","guid":{"rendered":"https:\/\/physio-area.net\/?post_type=product&#038;p=3800"},"modified":"2025-04-21T12:31:46","modified_gmt":"2025-04-21T12:31:46","slug":"komprex-ii","status":"publish","type":"product","link":"https:\/\/physio-area.net\/index.php\/product\/komprex-ii\/","title":{"rendered":"Komprex\u00ae II"},"content":{"rendered":"<p class=\"\" data-start=\"40\" data-end=\"303\"><strong data-start=\"40\" data-end=\"69\">Komprex\u00ae II <\/strong>\u00a0nga <strong data-start=\"74\" data-end=\"96\">Lohmann &amp; Rauscher<\/strong> \u00ebsht\u00eb nj\u00eb jast\u00ebk val\u00ebzuar prej shkum\u00eb poliuretani, i projektuar p\u00ebr t\u00eb ofruar kompresion t\u00eb q\u00ebndruesh\u00ebm dhe efekt mikromasazhi n\u00eb trajtimin e edem\u00ebs dhe fibroz\u00ebs.\u200b<\/p>\n<h3 class=\"\" data-start=\"305\" data-end=\"338\"><strong data-start=\"309\" data-end=\"338\">Karakteristikat kryesore:<\/strong><\/h3>\n<ul data-start=\"339\" data-end=\"1044\">\n<li class=\"\" data-start=\"339\" data-end=\"610\">\n<p class=\"\" data-start=\"341\" data-end=\"610\"><strong data-start=\"341\" data-end=\"364\">Struktur\u00eb val\u00ebzuar:<\/strong> P\u00ebrb\u00ebhet nga shirita t\u00eb ngusht\u00eb shkume poliuretani t\u00eb integruar n\u00eb nj\u00eb material jo t\u00eb endur, t\u00eb but\u00eb dhe t\u00eb frym\u00ebmarrsh\u00ebm, duke krijuar nj\u00eb efekt kanali q\u00eb ndihmon n\u00eb zbutjen e indeve t\u00eb forta dhe fibrotike<\/p>\n<\/li>\n<li class=\"\" data-start=\"611\" data-end=\"786\">\n<p class=\"\" data-start=\"613\" data-end=\"786\"><strong data-start=\"613\" data-end=\"636\">Efekt mikromasazhi:<\/strong> Sip\u00ebrfaqja e ve\u00e7ant\u00eb val\u00ebzuar ofron nj\u00eb masazh t\u00eb but\u00eb, duke ndihmuar n\u00eb zbutjen e indit t\u00eb fort\u00eb dhe fibrotik<\/p>\n<\/li>\n<li class=\"\" data-start=\"787\" data-end=\"918\">\n<p class=\"\" data-start=\"789\" data-end=\"918\"><strong data-start=\"789\" data-end=\"811\">Material i sigurt:<\/strong> Pa lateks, i p\u00ebrshtatsh\u00ebm p\u00ebr pacient\u00ebt me ndjeshm\u00ebri ndaj lateksit<\/p>\n<\/li>\n<li class=\"\" data-start=\"919\" data-end=\"1044\">\n<p class=\"\" data-start=\"921\" data-end=\"1044\"><strong data-start=\"921\" data-end=\"934\">Pastrimi:<\/strong> Mund t\u00eb lahet deri n\u00eb 30\u00b0C<\/p>\n<\/li>\n<\/ul>\n<h3 class=\"\" data-start=\"1046\" data-end=\"1078\"><strong data-start=\"1050\" data-end=\"1078\">P\u00ebrdorimi i rekomanduar:<\/strong><\/h3>\n<ul data-start=\"1079\" data-end=\"1367\">\n<li class=\"\" data-start=\"1079\" data-end=\"1157\">\n<p class=\"\" data-start=\"1081\" data-end=\"1157\"><span class=\"relative -mx-px my-[-0.2rem] rounded px-px py-[0.2rem] transition-colors duration-100 ease-in-out\">Trajtimi i edem\u00ebs n\u00eb flebologji dhe limfologji<\/span> .<\/p>\n<\/li>\n<li class=\"\" data-start=\"1158\" data-end=\"1238\">\n<p class=\"\" data-start=\"1160\" data-end=\"1238\"><span class=\"relative -mx-px my-[-0.2rem] rounded px-px py-[0.2rem] transition-colors duration-100 ease-in-out\">Rritja e presionit lokal n\u00eb kombinim me produkte t\u00eb tjera kompresive<\/span> .<\/p>\n<\/li>\n<li class=\"\" data-start=\"1239\" data-end=\"1367\">\n<p class=\"\" data-start=\"1241\" data-end=\"1367\"><span class=\"relative -mx-px my-[-0.2rem] rounded px-px py-[0.2rem] transition-colors duration-100 ease-in-out\">Zbutja e indit fibrotik<\/span><\/p>\n<\/li>\n<\/ul>\n<h3 class=\"\" data-start=\"1369\" data-end=\"1402\"><strong data-start=\"1373\" data-end=\"1402\">Specifikimet e produktit:<\/strong><\/h3>\n<ul data-start=\"1403\" data-end=\"1652\">\n<li class=\"\" data-start=\"1403\" data-end=\"1458\">\n<p class=\"\" data-start=\"1405\" data-end=\"1458\"><strong data-start=\"1405\" data-end=\"1418\">P\u00ebrmasat:<\/strong> <span class=\"relative -mx-px my-[-0.2rem] rounded px-px py-[0.2rem] transition-colors duration-100 ease-in-out\">65 cm x 45 cm<\/span><\/p>\n<\/li>\n<\/ul>\n<p class=\"\" data-start=\"1654\" data-end=\"1739\"><span class=\"relative -mx-px my-[-0.2rem] rounded px-px py-[0.2rem] transition-colors duration-100 ease-in-out\"><strong data-start=\"0\" data-end=\"15\" data-is-only-node=\"\">Komprex\u00ae II<\/strong> \u00ebsht\u00eb nj\u00eb zgjidhje e besueshme dhe efektive p\u00ebr profesionist\u00ebt e kujdesit sh\u00ebndet\u00ebsor q\u00eb k\u00ebrkojn\u00eb t\u00eb ofrojn\u00eb kompresion t\u00eb q\u00ebndruesh\u00ebm dhe mb\u00ebshtetje n\u00eb trajtimin e edem\u00ebs dhe \u00e7rregullimeve t\u00eb tjera t\u00eb lidhura.<\/span><\/p>\n","protected":false},"excerpt":{"rendered":"<p>Komprex\u00ae II \u00a0nga Lohmann &amp; Rauscher \u00ebsht\u00eb nj\u00eb jast\u00ebk val\u00ebzuar prej shkum\u00eb poliuretani, i projektuar p\u00ebr t\u00eb ofruar kompresion t\u00eb q\u00ebndruesh\u00ebm dhe efekt mikromasazhi n\u00eb trajtimin e edem\u00ebs dhe fibroz\u00ebs.\u200b [&hellip;]<\/p>\n","protected":false},"featured_media":3801,"comment_status":"open","ping_status":"closed","template":"","meta":{"saved_in_kubio":false,"ub_ctt_via":"","_price":"34.05","_stock":"","_tribe_ticket_header":"","_tribe_default_ticket_provider":"","_tribe_ticket_capacity":"0","_ticket_start_date":"","_ticket_end_date":"","_tribe_ticket_show_description":"","_tribe_ticket_show_not_going":false,"_tribe_ticket_use_global_stock":"","_tribe_ticket_global_stock_level":"","_global_stock_mode":"","_global_stock_cap":"","_tribe_rsvp_for_event":"","_tribe_ticket_going_count":"","_tribe_ticket_not_going_count":"","_tribe_tickets_list":"[]","_tribe_ticket_has_attendee_info_fields":false},"product_cat":[50],"product_tag":[],"yoast_head":"<!-- This site is optimized with the Yoast SEO plugin v22.0 - https:\/\/yoast.com\/wordpress\/plugins\/seo\/ -->\n<title>Komprex\u00ae II - physio-area.net<\/title>\n<meta name=\"robots\" content=\"index, follow, max-snippet:-1, max-image-preview:large, max-video-preview:-1\" \/>\n<link rel=\"canonical\" href=\"https:\/\/physio-area.net\/index.php\/product\/komprex-ii\/\" \/>\n<meta property=\"og:locale\" content=\"en_US\" \/>\n<meta property=\"og:type\" content=\"article\" \/>\n<meta property=\"og:title\" content=\"Komprex\u00ae II - physio-area.net\" \/>\n<meta property=\"og:description\" content=\"Komprex\u00ae II \u00a0nga Lohmann &amp; Rauscher \u00ebsht\u00eb nj\u00eb jast\u00ebk val\u00ebzuar prej shkum\u00eb poliuretani, i projektuar p\u00ebr t\u00eb ofruar kompresion t\u00eb q\u00ebndruesh\u00ebm dhe efekt mikromasazhi n\u00eb trajtimin e edem\u00ebs dhe fibroz\u00ebs.\u200b [&hellip;]\" \/>\n<meta property=\"og:url\" content=\"https:\/\/physio-area.net\/index.php\/product\/komprex-ii\/\" \/>\n<meta property=\"og:site_name\" content=\"physio-area.net\" \/>\n<meta property=\"article:modified_time\" content=\"2025-04-21T12:31:46+00:00\" \/>\n<meta property=\"og:image\" content=\"http:\/\/physio-area.net\/wp-content\/uploads\/2025\/04\/Komprex-II.jpg\" \/>\n\t<meta property=\"og:image:width\" content=\"1034\" \/>\n\t<meta property=\"og:image:height\" content=\"685\" \/>\n\t<meta property=\"og:image:type\" content=\"image\/jpeg\" \/>\n<meta name=\"twitter:card\" content=\"summary_large_image\" \/>\n<meta name=\"twitter:label1\" content=\"Est. reading time\" \/>\n\t<meta name=\"twitter:data1\" content=\"1 minute\" \/>\n<script type=\"application\/ld+json\" class=\"yoast-schema-graph\">{\"@context\":\"https:\/\/schema.org\",\"@graph\":[{\"@type\":\"WebPage\",\"@id\":\"https:\/\/physio-area.net\/index.php\/product\/komprex-ii\/\",\"url\":\"https:\/\/physio-area.net\/index.php\/product\/komprex-ii\/\",\"name\":\"Komprex\u00ae II - physio-area.net\",\"isPartOf\":{\"@id\":\"https:\/\/physio-area.net\/#website\"},\"datePublished\":\"2025-04-21T12:29:14+00:00\",\"dateModified\":\"2025-04-21T12:31:46+00:00\",\"breadcrumb\":{\"@id\":\"https:\/\/physio-area.net\/index.php\/product\/komprex-ii\/#breadcrumb\"},\"inLanguage\":\"en-US\",\"potentialAction\":[{\"@type\":\"ReadAction\",\"target\":[\"https:\/\/physio-area.net\/index.php\/product\/komprex-ii\/\"]}]},{\"@type\":\"BreadcrumbList\",\"@id\":\"https:\/\/physio-area.net\/index.php\/product\/komprex-ii\/#breadcrumb\",\"itemListElement\":[{\"@type\":\"ListItem\",\"position\":1,\"name\":\"Home\",\"item\":\"https:\/\/physio-area.net\/\"},{\"@type\":\"ListItem\",\"position\":2,\"name\":\"Categories\",\"item\":\"https:\/\/physio-area.net\/index.php\/events-2\/categories\/\"},{\"@type\":\"ListItem\",\"position\":3,\"name\":\"Komprex\u00ae II\"}]},{\"@type\":\"WebSite\",\"@id\":\"https:\/\/physio-area.net\/#website\",\"url\":\"https:\/\/physio-area.net\/\",\"name\":\"physio-area.net\",\"description\":\"\",\"potentialAction\":[{\"@type\":\"SearchAction\",\"target\":{\"@type\":\"EntryPoint\",\"urlTemplate\":\"https:\/\/physio-area.net\/?s={search_term_string}\"},\"query-input\":\"required name=search_term_string\"}],\"inLanguage\":\"en-US\"}]}<\/script>\n<!-- \/ Yoast SEO plugin. -->","yoast_head_json":{"title":"Komprex\u00ae II - physio-area.net","robots":{"index":"index","follow":"follow","max-snippet":"max-snippet:-1","max-image-preview":"max-image-preview:large","max-video-preview":"max-video-preview:-1"},"canonical":"https:\/\/physio-area.net\/index.php\/product\/komprex-ii\/","og_locale":"en_US","og_type":"article","og_title":"Komprex\u00ae II - physio-area.net","og_description":"Komprex\u00ae II \u00a0nga Lohmann &amp; Rauscher \u00ebsht\u00eb nj\u00eb jast\u00ebk val\u00ebzuar prej shkum\u00eb poliuretani, i projektuar p\u00ebr t\u00eb ofruar kompresion t\u00eb q\u00ebndruesh\u00ebm dhe efekt mikromasazhi n\u00eb trajtimin e edem\u00ebs dhe fibroz\u00ebs.\u200b [&hellip;]","og_url":"https:\/\/physio-area.net\/index.php\/product\/komprex-ii\/","og_site_name":"physio-area.net","article_modified_time":"2025-04-21T12:31:46+00:00","og_image":[{"width":1034,"height":685,"url":"http:\/\/physio-area.net\/wp-content\/uploads\/2025\/04\/Komprex-II.jpg","type":"image\/jpeg"}],"twitter_card":"summary_large_image","twitter_misc":{"Est. reading time":"1 minute"},"schema":{"@context":"https:\/\/schema.org","@graph":[{"@type":"WebPage","@id":"https:\/\/physio-area.net\/index.php\/product\/komprex-ii\/","url":"https:\/\/physio-area.net\/index.php\/product\/komprex-ii\/","name":"Komprex\u00ae II - physio-area.net","isPartOf":{"@id":"https:\/\/physio-area.net\/#website"},"datePublished":"2025-04-21T12:29:14+00:00","dateModified":"2025-04-21T12:31:46+00:00","breadcrumb":{"@id":"https:\/\/physio-area.net\/index.php\/product\/komprex-ii\/#breadcrumb"},"inLanguage":"en-US","potentialAction":[{"@type":"ReadAction","target":["https:\/\/physio-area.net\/index.php\/product\/komprex-ii\/"]}]},{"@type":"BreadcrumbList","@id":"https:\/\/physio-area.net\/index.php\/product\/komprex-ii\/#breadcrumb","itemListElement":[{"@type":"ListItem","position":1,"name":"Home","item":"https:\/\/physio-area.net\/"},{"@type":"ListItem","position":2,"name":"Categories","item":"https:\/\/physio-area.net\/index.php\/events-2\/categories\/"},{"@type":"ListItem","position":3,"name":"Komprex\u00ae II"}]},{"@type":"WebSite","@id":"https:\/\/physio-area.net\/#website","url":"https:\/\/physio-area.net\/","name":"physio-area.net","description":"","potentialAction":[{"@type":"SearchAction","target":{"@type":"EntryPoint","urlTemplate":"https:\/\/physio-area.net\/?s={search_term_string}"},"query-input":"required name=search_term_string"}],"inLanguage":"en-US"}]}},"jetpack_sharing_enabled":true,"_links":{"self":[{"href":"https:\/\/physio-area.net\/index.php\/wp-json\/wp\/v2\/product\/3800"}],"collection":[{"href":"https:\/\/physio-area.net\/index.php\/wp-json\/wp\/v2\/product"}],"about":[{"href":"https:\/\/physio-area.net\/index.php\/wp-json\/wp\/v2\/types\/product"}],"replies":[{"embeddable":true,"href":"https:\/\/physio-area.net\/index.php\/wp-json\/wp\/v2\/comments?post=3800"}],"wp:featuredmedia":[{"embeddable":true,"href":"https:\/\/physio-area.net\/index.php\/wp-json\/wp\/v2\/media\/3801"}],"wp:attachment":[{"href":"https:\/\/physio-area.net\/index.php\/wp-json\/wp\/v2\/media?parent=3800"}],"wp:term":[{"taxonomy":"product_cat","embeddable":true,"href":"https:\/\/physio-area.net\/index.php\/wp-json\/wp\/v2\/product_cat?post=3800"},{"taxonomy":"product_tag","embeddable":true,"href":"https:\/\/physio-area.net\/index.php\/wp-json\/wp\/v2\/product_tag?post=3800"}],"curies":[{"name":"wp","href":"https:\/\/api.w.org\/{rel}","templated":true}]}}