{"id":3796,"date":"2025-04-21T09:35:19","date_gmt":"2025-04-21T09:35:19","guid":{"rendered":"https:\/\/physio-area.net\/?post_type=product&#038;p=3796"},"modified":"2025-04-21T09:35:19","modified_gmt":"2025-04-21T09:35:19","slug":"idealbinde-20-cm-x-5-m","status":"publish","type":"product","link":"https:\/\/physio-area.net\/index.php\/product\/idealbinde-20-cm-x-5-m\/","title":{"rendered":"Idealbinde\u00ae 20 cm x 5 m"},"content":{"rendered":"<p class=\"\" data-start=\"0\" data-end=\"88\"><span class=\"relative -mx-px my-[-0.2rem] rounded px-px py-[0.2rem] transition-colors duration-100 ease-in-out\"><strong data-start=\"0\" data-end=\"27\" data-is-only-node=\"\">Idealbinde\u00ae 20 cm x 5 m<\/strong> nga <strong data-start=\"32\" data-end=\"54\">Lohmann &amp; Rauscher<\/strong> \u00ebsht\u00eb nj\u00eb fash\u00eb elastike me t\u00ebrheqje t\u00eb shkurt\u00ebr, e projektuar p\u00ebr t\u00eb ofruar kompresion t\u00eb fort\u00eb dhe mb\u00ebshtetje n\u00eb trajtimin e \u00e7rregullimeve venoze dhe limfatike, si dhe p\u00ebr t\u00eb stabilizuar nyjet pas l\u00ebndimeve.<\/span>\u200b<\/p>\n<h3 class=\"\" data-start=\"90\" data-end=\"123\"><strong data-start=\"94\" data-end=\"123\">Karakteristikat kryesore:<\/strong><\/h3>\n<ul data-start=\"124\" data-end=\"557\">\n<li class=\"\" data-start=\"124\" data-end=\"177\">\n<p class=\"\" data-start=\"126\" data-end=\"177\"><strong data-start=\"126\" data-end=\"139\">P\u00ebrb\u00ebrja:<\/strong> <span class=\"relative -mx-px my-[-0.2rem] rounded px-px py-[0.2rem] transition-colors duration-100 ease-in-out\">100% pambuk<\/span><\/p>\n<\/li>\n<li class=\"\" data-start=\"178\" data-end=\"234\">\n<p class=\"\" data-start=\"180\" data-end=\"234\"><strong data-start=\"180\" data-end=\"196\">Elasticitet:<\/strong> <span class=\"relative -mx-px my-[-0.2rem] rounded px-px py-[0.2rem] transition-colors duration-100 ease-in-out\">T\u00ebrheqje e shkurt\u00ebr (~90%) n\u00eb gjat\u00ebsi.<\/span><\/p>\n<\/li>\n<li class=\"\" data-start=\"235\" data-end=\"289\">\n<p class=\"\" data-start=\"237\" data-end=\"289\"><strong data-start=\"237\" data-end=\"251\">Struktur\u00eb:<\/strong> <span class=\"relative -mx-px my-[-0.2rem] rounded px-px py-[0.2rem] transition-colors duration-100 ease-in-out\">Tekstil elastik me fije pambuku t\u00eb p\u00ebrdredhura, q\u00eb ofron nj\u00eb struktur\u00eb t\u00eb q\u00ebndrueshme dhe q\u00eb nuk rr\u00ebshqet<\/span><\/p>\n<\/li>\n<li class=\"\" data-start=\"290\" data-end=\"354\">\n<p class=\"\" data-start=\"292\" data-end=\"354\"><strong data-start=\"292\" data-end=\"316\">P\u00ebrshkueshm\u00ebri ajri:<\/strong> <span class=\"relative -mx-px my-[-0.2rem] rounded px-px py-[0.2rem] transition-colors duration-100 ease-in-out\">Lejon qarkullimin e ajrit, duke parandaluar akumulimin e lag\u00ebshtis\u00eb<\/span><\/p>\n<\/li>\n<li class=\"\" data-start=\"355\" data-end=\"410\">\n<p class=\"\" data-start=\"357\" data-end=\"410\"><strong data-start=\"357\" data-end=\"372\">Sterilizim:<\/strong> <span class=\"relative -mx-px my-[-0.2rem] rounded px-px py-[0.2rem] transition-colors duration-100 ease-in-out\">Mund t\u00eb sterilizohet me avull n\u00eb 134\u00b0C<\/span><\/p>\n<\/li>\n<li class=\"\" data-start=\"411\" data-end=\"461\">\n<p class=\"\" data-start=\"413\" data-end=\"461\"><strong data-start=\"413\" data-end=\"423\">Larje:<\/strong> <span class=\"relative -mx-px my-[-0.2rem] rounded px-px py-[0.2rem] transition-colors duration-100 ease-in-out\">Mund t\u00eb lahet deri n\u00eb 95\u00b0C, duke ruajtur form\u00ebn dhe funksionalitetin<\/span><\/p>\n<\/li>\n<li class=\"\" data-start=\"462\" data-end=\"557\">\n<p class=\"\" data-start=\"464\" data-end=\"557\"><strong data-start=\"464\" data-end=\"475\">Ngjyr\u00eb:<\/strong> <span class=\"relative -mx-px my-[-0.2rem] rounded px-px py-[0.2rem] transition-colors duration-100 ease-in-out\">E bardh\u00eb<\/span>\u200b<\/p>\n<\/li>\n<\/ul>\n<h3 class=\"\" data-start=\"559\" data-end=\"591\"><strong data-start=\"563\" data-end=\"591\">P\u00ebrdorimi i rekomanduar:<\/strong><\/h3>\n<ul data-start=\"592\" data-end=\"763\">\n<li class=\"\" data-start=\"592\" data-end=\"633\">\n<p class=\"\" data-start=\"594\" data-end=\"633\"><span class=\"relative -mx-px my-[-0.2rem] rounded px-px py-[0.2rem] transition-colors duration-100 ease-in-out\">Kompresion i fort\u00eb i gjymtyr\u00ebve n\u00eb trajtimin e \u00e7rregullimeve venoze dhe limfedem\u00ebs<\/span><\/p>\n<\/li>\n<li class=\"\" data-start=\"634\" data-end=\"675\">\n<p class=\"\" data-start=\"636\" data-end=\"675\"><span class=\"relative -mx-px my-[-0.2rem] rounded px-px py-[0.2rem] transition-colors duration-100 ease-in-out\">Mb\u00ebshtetje dhe leht\u00ebsim pas distorsioneve dhe kontuzioneve<\/span><\/p>\n<\/li>\n<li class=\"\" data-start=\"676\" data-end=\"763\">\n<p class=\"\" data-start=\"678\" data-end=\"763\"><span class=\"relative -mx-px my-[-0.2rem] rounded px-px py-[0.2rem] transition-colors duration-100 ease-in-out\">Fiksim i gipsit dhe shiritave t\u00eb ngurt\u00eb n\u00eb kombinim me produkte tjera<\/span><\/p>\n<\/li>\n<\/ul>\n<h3 class=\"\" data-start=\"765\" data-end=\"798\"><strong data-start=\"769\" data-end=\"798\">Specifikimet e produktit:<\/strong><\/h3>\n<ul data-start=\"799\" data-end=\"951\">\n<li class=\"\" data-start=\"799\" data-end=\"854\">\n<p class=\"\" data-start=\"801\" data-end=\"854\"><strong data-start=\"801\" data-end=\"814\">P\u00ebrmasat:<\/strong> <span class=\"relative -mx-px my-[-0.2rem] rounded px-px py-[0.2rem] transition-colors duration-100 ease-in-out\">20 cm x 5 m<\/span><\/p>\n<\/li>\n<\/ul>\n<p class=\"\" data-start=\"953\" data-end=\"1038\"><span class=\"relative -mx-px my-[-0.2rem] rounded px-px py-[0.2rem] transition-colors duration-100 ease-in-out\"><strong data-start=\"0\" data-end=\"15\" data-is-only-node=\"\">Idealbinde\u00ae<\/strong> \u00ebsht\u00eb zgjedhja ideale p\u00ebr profesionist\u00ebt e kujdesit sh\u00ebndet\u00ebsor q\u00eb k\u00ebrkojn\u00eb nj\u00eb zgjidhje t\u00eb besueshme dhe t\u00eb rehatshme p\u00ebr kompresion dhe mb\u00ebshtetje n\u00eb trajtimin e \u00e7rregullimeve venoze dhe limfatike.<\/span><\/p>\n<p>&nbsp;<\/p>\n","protected":false},"excerpt":{"rendered":"<p>Idealbinde\u00ae 20 cm x 5 m nga Lohmann &amp; Rauscher \u00ebsht\u00eb nj\u00eb fash\u00eb elastike me t\u00ebrheqje t\u00eb shkurt\u00ebr, e projektuar p\u00ebr t\u00eb ofruar kompresion t\u00eb fort\u00eb dhe mb\u00ebshtetje n\u00eb trajtimin [&hellip;]<\/p>\n","protected":false},"featured_media":3797,"comment_status":"open","ping_status":"closed","template":"","meta":{"saved_in_kubio":false,"ub_ctt_via":"","_price":"7.61","_stock":"","_tribe_ticket_header":"","_tribe_default_ticket_provider":"","_tribe_ticket_capacity":"0","_ticket_start_date":"","_ticket_end_date":"","_tribe_ticket_show_description":"","_tribe_ticket_show_not_going":false,"_tribe_ticket_use_global_stock":"","_tribe_ticket_global_stock_level":"","_global_stock_mode":"","_global_stock_cap":"","_tribe_rsvp_for_event":"","_tribe_ticket_going_count":"","_tribe_ticket_not_going_count":"","_tribe_tickets_list":"[]","_tribe_ticket_has_attendee_info_fields":false},"product_cat":[50],"product_tag":[],"yoast_head":"<!-- This site is optimized with the Yoast SEO plugin v22.0 - https:\/\/yoast.com\/wordpress\/plugins\/seo\/ -->\n<title>Idealbinde\u00ae 20 cm x 5 m - physio-area.net<\/title>\n<meta name=\"robots\" content=\"index, follow, max-snippet:-1, max-image-preview:large, max-video-preview:-1\" \/>\n<link rel=\"canonical\" href=\"https:\/\/physio-area.net\/index.php\/product\/idealbinde-20-cm-x-5-m\/\" \/>\n<meta property=\"og:locale\" content=\"en_US\" \/>\n<meta property=\"og:type\" content=\"article\" \/>\n<meta property=\"og:title\" content=\"Idealbinde\u00ae 20 cm x 5 m - physio-area.net\" \/>\n<meta property=\"og:description\" content=\"Idealbinde\u00ae 20 cm x 5 m nga Lohmann &amp; Rauscher \u00ebsht\u00eb nj\u00eb fash\u00eb elastike me t\u00ebrheqje t\u00eb shkurt\u00ebr, e projektuar p\u00ebr t\u00eb ofruar kompresion t\u00eb fort\u00eb dhe mb\u00ebshtetje n\u00eb trajtimin [&hellip;]\" \/>\n<meta property=\"og:url\" content=\"https:\/\/physio-area.net\/index.php\/product\/idealbinde-20-cm-x-5-m\/\" \/>\n<meta property=\"og:site_name\" content=\"physio-area.net\" \/>\n<meta property=\"og:image\" content=\"http:\/\/physio-area.net\/wp-content\/uploads\/2025\/04\/idealbinde.jpg\" \/>\n\t<meta property=\"og:image:width\" content=\"1238\" \/>\n\t<meta property=\"og:image:height\" content=\"840\" \/>\n\t<meta property=\"og:image:type\" content=\"image\/jpeg\" \/>\n<meta name=\"twitter:card\" content=\"summary_large_image\" \/>\n<meta name=\"twitter:label1\" content=\"Est. reading time\" \/>\n\t<meta name=\"twitter:data1\" content=\"1 minute\" \/>\n<script type=\"application\/ld+json\" class=\"yoast-schema-graph\">{\"@context\":\"https:\/\/schema.org\",\"@graph\":[{\"@type\":\"WebPage\",\"@id\":\"https:\/\/physio-area.net\/index.php\/product\/idealbinde-20-cm-x-5-m\/\",\"url\":\"https:\/\/physio-area.net\/index.php\/product\/idealbinde-20-cm-x-5-m\/\",\"name\":\"Idealbinde\u00ae 20 cm x 5 m - physio-area.net\",\"isPartOf\":{\"@id\":\"https:\/\/physio-area.net\/#website\"},\"datePublished\":\"2025-04-21T09:35:19+00:00\",\"dateModified\":\"2025-04-21T09:35:19+00:00\",\"breadcrumb\":{\"@id\":\"https:\/\/physio-area.net\/index.php\/product\/idealbinde-20-cm-x-5-m\/#breadcrumb\"},\"inLanguage\":\"en-US\",\"potentialAction\":[{\"@type\":\"ReadAction\",\"target\":[\"https:\/\/physio-area.net\/index.php\/product\/idealbinde-20-cm-x-5-m\/\"]}]},{\"@type\":\"BreadcrumbList\",\"@id\":\"https:\/\/physio-area.net\/index.php\/product\/idealbinde-20-cm-x-5-m\/#breadcrumb\",\"itemListElement\":[{\"@type\":\"ListItem\",\"position\":1,\"name\":\"Home\",\"item\":\"https:\/\/physio-area.net\/\"},{\"@type\":\"ListItem\",\"position\":2,\"name\":\"Categories\",\"item\":\"https:\/\/physio-area.net\/index.php\/events-2\/categories\/\"},{\"@type\":\"ListItem\",\"position\":3,\"name\":\"Idealbinde\u00ae 20 cm x 5 m\"}]},{\"@type\":\"WebSite\",\"@id\":\"https:\/\/physio-area.net\/#website\",\"url\":\"https:\/\/physio-area.net\/\",\"name\":\"physio-area.net\",\"description\":\"\",\"potentialAction\":[{\"@type\":\"SearchAction\",\"target\":{\"@type\":\"EntryPoint\",\"urlTemplate\":\"https:\/\/physio-area.net\/?s={search_term_string}\"},\"query-input\":\"required name=search_term_string\"}],\"inLanguage\":\"en-US\"}]}<\/script>\n<!-- \/ Yoast SEO plugin. -->","yoast_head_json":{"title":"Idealbinde\u00ae 20 cm x 5 m - physio-area.net","robots":{"index":"index","follow":"follow","max-snippet":"max-snippet:-1","max-image-preview":"max-image-preview:large","max-video-preview":"max-video-preview:-1"},"canonical":"https:\/\/physio-area.net\/index.php\/product\/idealbinde-20-cm-x-5-m\/","og_locale":"en_US","og_type":"article","og_title":"Idealbinde\u00ae 20 cm x 5 m - physio-area.net","og_description":"Idealbinde\u00ae 20 cm x 5 m nga Lohmann &amp; Rauscher \u00ebsht\u00eb nj\u00eb fash\u00eb elastike me t\u00ebrheqje t\u00eb shkurt\u00ebr, e projektuar p\u00ebr t\u00eb ofruar kompresion t\u00eb fort\u00eb dhe mb\u00ebshtetje n\u00eb trajtimin [&hellip;]","og_url":"https:\/\/physio-area.net\/index.php\/product\/idealbinde-20-cm-x-5-m\/","og_site_name":"physio-area.net","og_image":[{"width":1238,"height":840,"url":"http:\/\/physio-area.net\/wp-content\/uploads\/2025\/04\/idealbinde.jpg","type":"image\/jpeg"}],"twitter_card":"summary_large_image","twitter_misc":{"Est. reading time":"1 minute"},"schema":{"@context":"https:\/\/schema.org","@graph":[{"@type":"WebPage","@id":"https:\/\/physio-area.net\/index.php\/product\/idealbinde-20-cm-x-5-m\/","url":"https:\/\/physio-area.net\/index.php\/product\/idealbinde-20-cm-x-5-m\/","name":"Idealbinde\u00ae 20 cm x 5 m - physio-area.net","isPartOf":{"@id":"https:\/\/physio-area.net\/#website"},"datePublished":"2025-04-21T09:35:19+00:00","dateModified":"2025-04-21T09:35:19+00:00","breadcrumb":{"@id":"https:\/\/physio-area.net\/index.php\/product\/idealbinde-20-cm-x-5-m\/#breadcrumb"},"inLanguage":"en-US","potentialAction":[{"@type":"ReadAction","target":["https:\/\/physio-area.net\/index.php\/product\/idealbinde-20-cm-x-5-m\/"]}]},{"@type":"BreadcrumbList","@id":"https:\/\/physio-area.net\/index.php\/product\/idealbinde-20-cm-x-5-m\/#breadcrumb","itemListElement":[{"@type":"ListItem","position":1,"name":"Home","item":"https:\/\/physio-area.net\/"},{"@type":"ListItem","position":2,"name":"Categories","item":"https:\/\/physio-area.net\/index.php\/events-2\/categories\/"},{"@type":"ListItem","position":3,"name":"Idealbinde\u00ae 20 cm x 5 m"}]},{"@type":"WebSite","@id":"https:\/\/physio-area.net\/#website","url":"https:\/\/physio-area.net\/","name":"physio-area.net","description":"","potentialAction":[{"@type":"SearchAction","target":{"@type":"EntryPoint","urlTemplate":"https:\/\/physio-area.net\/?s={search_term_string}"},"query-input":"required name=search_term_string"}],"inLanguage":"en-US"}]}},"jetpack_sharing_enabled":true,"_links":{"self":[{"href":"https:\/\/physio-area.net\/index.php\/wp-json\/wp\/v2\/product\/3796"}],"collection":[{"href":"https:\/\/physio-area.net\/index.php\/wp-json\/wp\/v2\/product"}],"about":[{"href":"https:\/\/physio-area.net\/index.php\/wp-json\/wp\/v2\/types\/product"}],"replies":[{"embeddable":true,"href":"https:\/\/physio-area.net\/index.php\/wp-json\/wp\/v2\/comments?post=3796"}],"wp:featuredmedia":[{"embeddable":true,"href":"https:\/\/physio-area.net\/index.php\/wp-json\/wp\/v2\/media\/3797"}],"wp:attachment":[{"href":"https:\/\/physio-area.net\/index.php\/wp-json\/wp\/v2\/media?parent=3796"}],"wp:term":[{"taxonomy":"product_cat","embeddable":true,"href":"https:\/\/physio-area.net\/index.php\/wp-json\/wp\/v2\/product_cat?post=3796"},{"taxonomy":"product_tag","embeddable":true,"href":"https:\/\/physio-area.net\/index.php\/wp-json\/wp\/v2\/product_tag?post=3796"}],"curies":[{"name":"wp","href":"https:\/\/api.w.org\/{rel}","templated":true}]}}