{"id":3790,"date":"2025-04-21T08:00:19","date_gmt":"2025-04-21T08:00:19","guid":{"rendered":"https:\/\/physio-area.net\/?post_type=product&#038;p=3790"},"modified":"2025-04-21T08:00:20","modified_gmt":"2025-04-21T08:00:20","slug":"mollelast-haft-4cm-x-4m","status":"publish","type":"product","link":"https:\/\/physio-area.net\/index.php\/product\/mollelast-haft-4cm-x-4m\/","title":{"rendered":"Mollelast\u00ae haft 4cm x 4m"},"content":{"rendered":"<p class=\"\" data-start=\"40\" data-end=\"159\"><span class=\"relative -mx-px my-[-0.2rem] rounded px-px py-[0.2rem] transition-colors duration-100 ease-in-out\"><strong data-start=\"0\" data-end=\"19\" data-is-only-node=\"\">Mollelast\u00ae haft<\/strong> nga <strong data-start=\"24\" data-end=\"46\">Lohmann &amp; Rauscher<\/strong> \u00ebsht\u00eb nj\u00eb fash\u00eb kohezive dhe bi-elastike, e projektuar p\u00ebr fiksim t\u00eb sigurt dhe t\u00eb rehatsh\u00ebm t\u00eb fashove dhe pajisjeve mjek\u00ebsore.<\/span> <span class=\"relative -mx-px my-[-0.2rem] rounded px-px py-[0.2rem] transition-colors duration-100 ease-in-out\">Kjo fash\u00eb ngjitet n\u00eb vetvete pa u ngjitur n\u00eb l\u00ebkur\u00eb apo flok\u00eb, duke ofruar rehati maksimale p\u00ebr pacientin.<\/span>\u200b<\/p>\n<h3 class=\"\" data-start=\"161\" data-end=\"194\"><strong data-start=\"165\" data-end=\"194\">Karakteristikat kryesore:<\/strong><\/h3>\n<ul data-start=\"195\" data-end=\"595\">\n<li class=\"\" data-start=\"195\" data-end=\"251\">\n<p class=\"\" data-start=\"197\" data-end=\"251\"><strong data-start=\"197\" data-end=\"213\">Bi-elastike:<\/strong> <span class=\"relative -mx-px my-[-0.2rem] rounded px-px py-[0.2rem] transition-colors duration-100 ease-in-out\">Shtrihet rreth 65% n\u00eb gjat\u00ebsi dhe 50% n\u00eb gjer\u00ebsi, duke siguruar p\u00ebrshtatje t\u00eb shk\u00eblqyer pa rrudha.<\/span><\/p>\n<\/li>\n<li class=\"\" data-start=\"252\" data-end=\"305\">\n<p class=\"\" data-start=\"254\" data-end=\"305\"><strong data-start=\"254\" data-end=\"267\">Kohezive:<\/strong> <span class=\"relative -mx-px my-[-0.2rem] rounded px-px py-[0.2rem] transition-colors duration-100 ease-in-out\">Ngjitet n\u00eb vetvete, duke eliminuar nevoj\u00ebn p\u00ebr kap\u00ebse shtes\u00eb.<\/span><\/p>\n<\/li>\n<li class=\"\" data-start=\"306\" data-end=\"366\">\n<p class=\"\" data-start=\"308\" data-end=\"366\"><strong data-start=\"308\" data-end=\"328\">Ajro-permeabile:<\/strong> <span class=\"relative -mx-px my-[-0.2rem] rounded px-px py-[0.2rem] transition-colors duration-100 ease-in-out\">Lejon qarkullimin e ajrit, duke parandaluar akumulimin e lag\u00ebshtis\u00eb.<\/span><\/p>\n<\/li>\n<li class=\"\" data-start=\"367\" data-end=\"434\">\n<p class=\"\" data-start=\"369\" data-end=\"434\"><strong data-start=\"369\" data-end=\"396\">E holl\u00eb dhe fleksibile:<\/strong> <span class=\"relative -mx-px my-[-0.2rem] rounded px-px py-[0.2rem] transition-colors duration-100 ease-in-out\">P\u00ebrshtatet leht\u00ebsisht me konturet e trupit, duke ofruar rehati gjat\u00eb l\u00ebvizjes.<\/span><\/p>\n<\/li>\n<li class=\"\" data-start=\"435\" data-end=\"489\">\n<p class=\"\" data-start=\"437\" data-end=\"489\"><strong data-start=\"437\" data-end=\"451\">Pa lateks:<\/strong> <span class=\"relative -mx-px my-[-0.2rem] rounded px-px py-[0.2rem] transition-colors duration-100 ease-in-out\">E sigurt p\u00ebr pacient\u00ebt me ndjeshm\u00ebri ndaj lateksit.<\/span><\/p>\n<\/li>\n<li class=\"\" data-start=\"490\" data-end=\"595\">\n<p class=\"\" data-start=\"492\" data-end=\"595\"><strong data-start=\"492\" data-end=\"511\">Sterilizueshme:<\/strong> <span class=\"relative -mx-px my-[-0.2rem] rounded px-px py-[0.2rem] transition-colors duration-100 ease-in-out\">Mund t\u00eb sterilizohet me avull n\u00eb 121\u00b0C sipas nevoj\u00ebs.<\/span>\u200b<\/p>\n<\/li>\n<\/ul>\n<h3 class=\"\" data-start=\"597\" data-end=\"629\"><strong data-start=\"601\" data-end=\"629\">P\u00ebrdorimi i rekomanduar:<\/strong><\/h3>\n<ul data-start=\"630\" data-end=\"843\">\n<li class=\"\" data-start=\"630\" data-end=\"671\">\n<p class=\"\" data-start=\"632\" data-end=\"671\"><span class=\"relative -mx-px my-[-0.2rem] rounded px-px py-[0.2rem] transition-colors duration-100 ease-in-out\">Fiksimi i fashove dhe kompresave.<\/span><\/p>\n<\/li>\n<li class=\"\" data-start=\"672\" data-end=\"713\">\n<p class=\"\" data-start=\"674\" data-end=\"713\"><span class=\"relative -mx-px my-[-0.2rem] rounded px-px py-[0.2rem] transition-colors duration-100 ease-in-out\">Mb\u00ebshtetje n\u00eb rastet e l\u00ebndimeve t\u00eb lehta sportive.<\/span><\/p>\n<\/li>\n<li class=\"\" data-start=\"714\" data-end=\"755\">\n<p class=\"\" data-start=\"716\" data-end=\"755\"><span class=\"relative -mx-px my-[-0.2rem] rounded px-px py-[0.2rem] transition-colors duration-100 ease-in-out\">Fiksimi i kateter\u00ebve dhe pajisjeve t\u00eb tjera mjek\u00ebsore.<\/span><\/p>\n<\/li>\n<li class=\"\" data-start=\"756\" data-end=\"843\">\n<p class=\"\" data-start=\"758\" data-end=\"843\"><span class=\"relative -mx-px my-[-0.2rem] rounded px-px py-[0.2rem] transition-colors duration-100 ease-in-out\">Imobilizimi i gjymtyr\u00ebve n\u00eb kombinim me splinte.<\/span>\u200b<\/p>\n<\/li>\n<\/ul>\n<h3 class=\"\" data-start=\"845\" data-end=\"878\"><strong data-start=\"849\" data-end=\"878\">Specifikimet e produktit:<\/strong><\/h3>\n<ul data-start=\"879\" data-end=\"1101\">\n<li class=\"\" data-start=\"879\" data-end=\"937\">\n<p class=\"\" data-start=\"881\" data-end=\"937\"><strong data-start=\"881\" data-end=\"895\">4 cm x 4 m<\/strong><\/p>\n<\/li>\n<li class=\"\" data-start=\"938\" data-end=\"996\">\n<p class=\"\" data-start=\"940\" data-end=\"996\"><strong data-start=\"940\" data-end=\"954\">6 cm x 4 m<\/strong><\/p>\n<\/li>\n<li class=\"\" data-start=\"997\" data-end=\"1101\">\n<p class=\"\" data-start=\"999\" data-end=\"1101\"><strong data-start=\"999\" data-end=\"1013\">8 cm x 4 m<\/strong><\/p>\n<\/li>\n<\/ul>\n<p class=\"\" data-start=\"1103\" data-end=\"1228\"><span class=\"relative -mx-px my-[-0.2rem] rounded px-px py-[0.2rem] transition-colors duration-100 ease-in-out\"><strong data-start=\"0\" data-end=\"19\" data-is-only-node=\"\">Mollelast\u00ae haft<\/strong> \u00ebsht\u00eb zgjedhja ideale p\u00ebr profesionist\u00ebt e kujdesit sh\u00ebndet\u00ebsor q\u00eb k\u00ebrkojn\u00eb nj\u00eb zgjidhje t\u00eb besueshme dhe t\u00eb rehatshme p\u00ebr fiksimin e fashove dhe pajisjeve mjek\u00ebsore.<\/span> <span class=\"relative -mx-px my-[-0.2rem] rounded px-px py-[0.2rem] transition-colors duration-100 ease-in-out\">P\u00ebr m\u00eb shum\u00eb informacion, vizitoni faqen zyrtare t\u00eb <a href=\"https:\/\/www.lohmann-rauscher.com\/en\/products\/compression-support-retention\/retention-support-relief\/retention\/mollelast-haft\/\" target=\"_new\" rel=\"noopener noreferrer\" data-start=\"52\" data-end=\"199\">Lohmann &amp; Rauscher<\/a>.<\/span>\u200b<\/p>\n","protected":false},"excerpt":{"rendered":"<p>Mollelast\u00ae haft nga Lohmann &amp; Rauscher \u00ebsht\u00eb nj\u00eb fash\u00eb kohezive dhe bi-elastike, e projektuar p\u00ebr fiksim t\u00eb sigurt dhe t\u00eb rehatsh\u00ebm t\u00eb fashove dhe pajisjeve mjek\u00ebsore. Kjo fash\u00eb ngjitet n\u00eb [&hellip;]<\/p>\n","protected":false},"featured_media":3791,"comment_status":"open","ping_status":"closed","template":"","meta":{"saved_in_kubio":false,"ub_ctt_via":"","_price":"1.50","_stock":"","_tribe_ticket_header":"","_tribe_default_ticket_provider":"","_tribe_ticket_capacity":"0","_ticket_start_date":"","_ticket_end_date":"","_tribe_ticket_show_description":"","_tribe_ticket_show_not_going":false,"_tribe_ticket_use_global_stock":"","_tribe_ticket_global_stock_level":"","_global_stock_mode":"","_global_stock_cap":"","_tribe_rsvp_for_event":"","_tribe_ticket_going_count":"","_tribe_ticket_not_going_count":"","_tribe_tickets_list":"[]","_tribe_ticket_has_attendee_info_fields":false},"product_cat":[50],"product_tag":[],"yoast_head":"<!-- This site is optimized with the Yoast SEO plugin v22.0 - https:\/\/yoast.com\/wordpress\/plugins\/seo\/ -->\n<title>Mollelast\u00ae haft 4cm x 4m - physio-area.net<\/title>\n<meta name=\"robots\" content=\"index, follow, max-snippet:-1, max-image-preview:large, max-video-preview:-1\" \/>\n<link rel=\"canonical\" href=\"https:\/\/physio-area.net\/index.php\/product\/mollelast-haft-4cm-x-4m\/\" \/>\n<meta property=\"og:locale\" content=\"en_US\" \/>\n<meta property=\"og:type\" content=\"article\" \/>\n<meta property=\"og:title\" content=\"Mollelast\u00ae haft 4cm x 4m - physio-area.net\" \/>\n<meta property=\"og:description\" content=\"Mollelast\u00ae haft nga Lohmann &amp; Rauscher \u00ebsht\u00eb nj\u00eb fash\u00eb kohezive dhe bi-elastike, e projektuar p\u00ebr fiksim t\u00eb sigurt dhe t\u00eb rehatsh\u00ebm t\u00eb fashove dhe pajisjeve mjek\u00ebsore. Kjo fash\u00eb ngjitet n\u00eb [&hellip;]\" \/>\n<meta property=\"og:url\" content=\"https:\/\/physio-area.net\/index.php\/product\/mollelast-haft-4cm-x-4m\/\" \/>\n<meta property=\"og:site_name\" content=\"physio-area.net\" \/>\n<meta property=\"article:modified_time\" content=\"2025-04-21T08:00:20+00:00\" \/>\n<meta property=\"og:image\" content=\"http:\/\/physio-area.net\/wp-content\/uploads\/2025\/04\/mollelast-haft-4-cm-x-4m.jpg\" \/>\n\t<meta property=\"og:image:width\" content=\"520\" \/>\n\t<meta property=\"og:image:height\" content=\"520\" \/>\n\t<meta property=\"og:image:type\" content=\"image\/jpeg\" \/>\n<meta name=\"twitter:card\" content=\"summary_large_image\" \/>\n<meta name=\"twitter:label1\" content=\"Est. reading time\" \/>\n\t<meta name=\"twitter:data1\" content=\"2 minutes\" \/>\n<script type=\"application\/ld+json\" class=\"yoast-schema-graph\">{\"@context\":\"https:\/\/schema.org\",\"@graph\":[{\"@type\":\"WebPage\",\"@id\":\"https:\/\/physio-area.net\/index.php\/product\/mollelast-haft-4cm-x-4m\/\",\"url\":\"https:\/\/physio-area.net\/index.php\/product\/mollelast-haft-4cm-x-4m\/\",\"name\":\"Mollelast\u00ae haft 4cm x 4m - physio-area.net\",\"isPartOf\":{\"@id\":\"https:\/\/physio-area.net\/#website\"},\"datePublished\":\"2025-04-21T08:00:19+00:00\",\"dateModified\":\"2025-04-21T08:00:20+00:00\",\"breadcrumb\":{\"@id\":\"https:\/\/physio-area.net\/index.php\/product\/mollelast-haft-4cm-x-4m\/#breadcrumb\"},\"inLanguage\":\"en-US\",\"potentialAction\":[{\"@type\":\"ReadAction\",\"target\":[\"https:\/\/physio-area.net\/index.php\/product\/mollelast-haft-4cm-x-4m\/\"]}]},{\"@type\":\"BreadcrumbList\",\"@id\":\"https:\/\/physio-area.net\/index.php\/product\/mollelast-haft-4cm-x-4m\/#breadcrumb\",\"itemListElement\":[{\"@type\":\"ListItem\",\"position\":1,\"name\":\"Home\",\"item\":\"https:\/\/physio-area.net\/\"},{\"@type\":\"ListItem\",\"position\":2,\"name\":\"Categories\",\"item\":\"https:\/\/physio-area.net\/index.php\/events-2\/categories\/\"},{\"@type\":\"ListItem\",\"position\":3,\"name\":\"Mollelast\u00ae haft 4cm x 4m\"}]},{\"@type\":\"WebSite\",\"@id\":\"https:\/\/physio-area.net\/#website\",\"url\":\"https:\/\/physio-area.net\/\",\"name\":\"physio-area.net\",\"description\":\"\",\"potentialAction\":[{\"@type\":\"SearchAction\",\"target\":{\"@type\":\"EntryPoint\",\"urlTemplate\":\"https:\/\/physio-area.net\/?s={search_term_string}\"},\"query-input\":\"required name=search_term_string\"}],\"inLanguage\":\"en-US\"}]}<\/script>\n<!-- \/ Yoast SEO plugin. -->","yoast_head_json":{"title":"Mollelast\u00ae haft 4cm x 4m - physio-area.net","robots":{"index":"index","follow":"follow","max-snippet":"max-snippet:-1","max-image-preview":"max-image-preview:large","max-video-preview":"max-video-preview:-1"},"canonical":"https:\/\/physio-area.net\/index.php\/product\/mollelast-haft-4cm-x-4m\/","og_locale":"en_US","og_type":"article","og_title":"Mollelast\u00ae haft 4cm x 4m - physio-area.net","og_description":"Mollelast\u00ae haft nga Lohmann &amp; Rauscher \u00ebsht\u00eb nj\u00eb fash\u00eb kohezive dhe bi-elastike, e projektuar p\u00ebr fiksim t\u00eb sigurt dhe t\u00eb rehatsh\u00ebm t\u00eb fashove dhe pajisjeve mjek\u00ebsore. Kjo fash\u00eb ngjitet n\u00eb [&hellip;]","og_url":"https:\/\/physio-area.net\/index.php\/product\/mollelast-haft-4cm-x-4m\/","og_site_name":"physio-area.net","article_modified_time":"2025-04-21T08:00:20+00:00","og_image":[{"width":520,"height":520,"url":"http:\/\/physio-area.net\/wp-content\/uploads\/2025\/04\/mollelast-haft-4-cm-x-4m.jpg","type":"image\/jpeg"}],"twitter_card":"summary_large_image","twitter_misc":{"Est. reading time":"2 minutes"},"schema":{"@context":"https:\/\/schema.org","@graph":[{"@type":"WebPage","@id":"https:\/\/physio-area.net\/index.php\/product\/mollelast-haft-4cm-x-4m\/","url":"https:\/\/physio-area.net\/index.php\/product\/mollelast-haft-4cm-x-4m\/","name":"Mollelast\u00ae haft 4cm x 4m - physio-area.net","isPartOf":{"@id":"https:\/\/physio-area.net\/#website"},"datePublished":"2025-04-21T08:00:19+00:00","dateModified":"2025-04-21T08:00:20+00:00","breadcrumb":{"@id":"https:\/\/physio-area.net\/index.php\/product\/mollelast-haft-4cm-x-4m\/#breadcrumb"},"inLanguage":"en-US","potentialAction":[{"@type":"ReadAction","target":["https:\/\/physio-area.net\/index.php\/product\/mollelast-haft-4cm-x-4m\/"]}]},{"@type":"BreadcrumbList","@id":"https:\/\/physio-area.net\/index.php\/product\/mollelast-haft-4cm-x-4m\/#breadcrumb","itemListElement":[{"@type":"ListItem","position":1,"name":"Home","item":"https:\/\/physio-area.net\/"},{"@type":"ListItem","position":2,"name":"Categories","item":"https:\/\/physio-area.net\/index.php\/events-2\/categories\/"},{"@type":"ListItem","position":3,"name":"Mollelast\u00ae haft 4cm x 4m"}]},{"@type":"WebSite","@id":"https:\/\/physio-area.net\/#website","url":"https:\/\/physio-area.net\/","name":"physio-area.net","description":"","potentialAction":[{"@type":"SearchAction","target":{"@type":"EntryPoint","urlTemplate":"https:\/\/physio-area.net\/?s={search_term_string}"},"query-input":"required name=search_term_string"}],"inLanguage":"en-US"}]}},"jetpack_sharing_enabled":true,"_links":{"self":[{"href":"https:\/\/physio-area.net\/index.php\/wp-json\/wp\/v2\/product\/3790"}],"collection":[{"href":"https:\/\/physio-area.net\/index.php\/wp-json\/wp\/v2\/product"}],"about":[{"href":"https:\/\/physio-area.net\/index.php\/wp-json\/wp\/v2\/types\/product"}],"replies":[{"embeddable":true,"href":"https:\/\/physio-area.net\/index.php\/wp-json\/wp\/v2\/comments?post=3790"}],"wp:featuredmedia":[{"embeddable":true,"href":"https:\/\/physio-area.net\/index.php\/wp-json\/wp\/v2\/media\/3791"}],"wp:attachment":[{"href":"https:\/\/physio-area.net\/index.php\/wp-json\/wp\/v2\/media?parent=3790"}],"wp:term":[{"taxonomy":"product_cat","embeddable":true,"href":"https:\/\/physio-area.net\/index.php\/wp-json\/wp\/v2\/product_cat?post=3790"},{"taxonomy":"product_tag","embeddable":true,"href":"https:\/\/physio-area.net\/index.php\/wp-json\/wp\/v2\/product_tag?post=3790"}],"curies":[{"name":"wp","href":"https:\/\/api.w.org\/{rel}","templated":true}]}}