{"id":3777,"date":"2025-04-18T16:04:42","date_gmt":"2025-04-18T16:04:42","guid":{"rendered":"https:\/\/physio-area.net\/?post_type=product&#038;p=3777"},"modified":"2025-04-18T16:04:42","modified_gmt":"2025-04-18T16:04:42","slug":"cellona-up-undercast-padding-15cm-x-3m","status":"publish","type":"product","link":"https:\/\/physio-area.net\/index.php\/product\/cellona-up-undercast-padding-15cm-x-3m\/","title":{"rendered":"Cellona\u00ae UP (Undercast Padding) 15cm x 3m"},"content":{"rendered":"<p class=\"\" data-start=\"0\" data-end=\"126\"><span class=\"relative -mx-px my-[-0.2rem] rounded px-px py-[0.2rem] transition-colors duration-100 ease-in-out\"><strong data-start=\"0\" data-end=\"35\" data-is-only-node=\"\">Cellona\u00ae UP (Undercast Padding)<\/strong> nga prodhuesi gjerman <strong data-start=\"58\" data-end=\"80\">Lohmann &amp; Rauscher<\/strong> \u00ebsht\u00eb nj\u00eb material mbrojt\u00ebs i avancuar, i dizajnuar p\u00ebr t\u00eb ofruar rehati maksimale dhe mbrojtje t\u00eb lart\u00eb gjat\u00eb aplikimit t\u00eb materialit p\u00ebr bandazhim t\u00eb edemave si dhe t\u00eb fashove gipsi ose sintetik.<\/span> <span class=\"relative -mx-px my-[-0.2rem] rounded px-px py-[0.2rem] transition-colors duration-100 ease-in-out\">Ky padding siguron nj\u00eb shp\u00ebrndarje t\u00eb barabart\u00eb t\u00eb presionit dhe parandalon formimin e pikave t\u00eb presionit, duke rritur ndjesh\u00ebm komoditetin p\u00ebr pacientin.<\/span>\u200b<\/p>\n<h3 class=\"\" data-start=\"128\" data-end=\"161\"><strong data-start=\"132\" data-end=\"161\">Karakteristikat kryesore:<\/strong><\/h3>\n<ul data-start=\"162\" data-end=\"517\">\n<li class=\"\" data-start=\"162\" data-end=\"234\">\n<p class=\"\" data-start=\"164\" data-end=\"234\"><strong data-start=\"164\" data-end=\"196\">Material i but\u00eb dhe elastik:<\/strong> <span class=\"relative -mx-px my-[-0.2rem] rounded px-px py-[0.2rem] transition-colors duration-100 ease-in-out\">P\u00ebrshtatet n\u00eb m\u00ebnyr\u00eb t\u00eb shk\u00eblqyer me konturet e trupit, duke ofruar rehati t\u00eb lart\u00eb.<\/span><\/p>\n<\/li>\n<li class=\"\" data-start=\"235\" data-end=\"292\">\n<p class=\"\" data-start=\"237\" data-end=\"292\"><strong data-start=\"237\" data-end=\"254\">Vet\u00eb-ngjit\u00ebs:<\/strong> <span class=\"relative -mx-px my-[-0.2rem] rounded px-px py-[0.2rem] transition-colors duration-100 ease-in-out\">Aplikimi i leht\u00eb dhe i sigurt fal\u00eb ngjit\u00ebsit miq\u00ebsor p\u00ebr l\u00ebkur\u00ebn, i cili parandalon rr\u00ebshqitjen e materialit.<\/span><\/p>\n<\/li>\n<li class=\"\" data-start=\"293\" data-end=\"356\">\n<p class=\"\" data-start=\"295\" data-end=\"356\"><strong data-start=\"295\" data-end=\"318\">Ajro-permeabilitet:<\/strong> <span class=\"relative -mx-px my-[-0.2rem] rounded px-px py-[0.2rem] transition-colors duration-100 ease-in-out\">Lejon qarkullimin e ajrit, duke parandaluar akumulimin e lag\u00ebshtis\u00eb dhe duke ruajtur freskin\u00eb e l\u00ebkur\u00ebs.<\/span><\/p>\n<\/li>\n<li class=\"\" data-start=\"357\" data-end=\"411\">\n<p class=\"\" data-start=\"359\" data-end=\"411\"><strong data-start=\"359\" data-end=\"373\">Pa lateks:<\/strong> <span class=\"relative -mx-px my-[-0.2rem] rounded px-px py-[0.2rem] transition-colors duration-100 ease-in-out\">I sigurt p\u00ebr pacient\u00ebt me alergji ndaj lateksit.<\/span><\/p>\n<\/li>\n<li class=\"\" data-start=\"412\" data-end=\"517\">\n<p class=\"\" data-start=\"414\" data-end=\"517\"><strong data-start=\"414\" data-end=\"435\">P\u00ebrdorim i gjer\u00eb:<\/strong> <span class=\"relative -mx-px my-[-0.2rem] rounded px-px py-[0.2rem] transition-colors duration-100 ease-in-out\">I p\u00ebrshtatsh\u00ebm p\u00ebr p\u00ebrdorim tek edemat dhe limfedemat, n\u00eb traumatologji, mjek\u00ebsi sportive dhe kujdesin ndaj plag\u00ebve.<\/span>\u200b<\/p>\n<\/li>\n<\/ul>\n<h3 class=\"\" data-start=\"519\" data-end=\"548\"><strong data-start=\"523\" data-end=\"548\">P\u00ebrb\u00ebrja e produktit:<\/strong><\/h3>\n<p class=\"\" data-start=\"549\" data-end=\"632\"><span class=\"relative -mx-px my-[-0.2rem] rounded px-px py-[0.2rem] transition-colors duration-100 ease-in-out\">50% poliester, 30% polipropilen, 20% viskoz\u00eb<\/span><\/p>\n<h3 class=\"\" data-start=\"634\" data-end=\"666\"><strong data-start=\"638\" data-end=\"666\">P\u00ebrdorimi i rekomanduar:<\/strong><\/h3>\n<ul data-start=\"667\" data-end=\"838\">\n<li class=\"\" data-start=\"667\" data-end=\"708\">\n<p class=\"\" data-start=\"669\" data-end=\"708\"><span class=\"relative -mx-px my-[-0.2rem] rounded px-px py-[0.2rem] transition-colors duration-100 ease-in-out\">Si shtres\u00eb mbrojt\u00ebse n\u00ebn bandazhe,\u00a0 fashot e gipsit ose sintetike.<\/span><\/p>\n<\/li>\n<li class=\"\" data-start=\"709\" data-end=\"750\">\n<p class=\"\" data-start=\"711\" data-end=\"750\"><span class=\"relative -mx-px my-[-0.2rem] rounded px-px py-[0.2rem] transition-colors duration-100 ease-in-out\">P\u00ebr mbrojtjen e zonave t\u00eb ndjeshme ndaj presionit.<\/span><\/p>\n<\/li>\n<li class=\"\" data-start=\"751\" data-end=\"838\">\n<p class=\"\" data-start=\"753\" data-end=\"838\"><span class=\"relative -mx-px my-[-0.2rem] rounded px-px py-[0.2rem] transition-colors duration-100 ease-in-out\">N\u00eb kombinim me fashot e kompresionit p\u00ebr t\u00eb rritur komoditetin dhe efektivitetin e trajtimit.<\/span>\u200b<\/p>\n<\/li>\n<\/ul>\n<p class=\"\" data-start=\"840\" data-end=\"965\"><span class=\"relative -mx-px my-[-0.2rem] rounded px-px py-[0.2rem] transition-colors duration-100 ease-in-out\"><strong data-start=\"0\" data-end=\"15\" data-is-only-node=\"\">Cellona\u00ae UP<\/strong> \u00ebsht\u00eb zgjedhja ideale p\u00ebr profesionist\u00ebt e kujdesit sh\u00ebndet\u00ebsor q\u00eb k\u00ebrkojn\u00eb nj\u00eb material t\u00eb besuesh\u00ebm dhe t\u00eb rehatsh\u00ebm p\u00ebr pacient\u00ebt e tyre.<\/span> <span class=\"relative -mx-px my-[-0.2rem] rounded px-px py-[0.2rem] transition-colors duration-100 ease-in-out\">P\u00ebr m\u00eb shum\u00eb informacion, ju lutem vizitoni faqen zyrtare t\u00eb <a href=\"https:\/\/www.lohmann-rauscher.com\/en\/products\/plaster-room\/padding\/cellona-padding\/\" target=\"_new\" rel=\"noopener noreferrer\" data-start=\"61\" data-end=\"165\">Lohmann &amp; Rauscher<\/a>.<\/span><\/p>\n","protected":false},"excerpt":{"rendered":"<p>Cellona\u00ae UP (Undercast Padding) nga prodhuesi gjerman Lohmann &amp; Rauscher \u00ebsht\u00eb nj\u00eb material mbrojt\u00ebs i avancuar, i dizajnuar p\u00ebr t\u00eb ofruar rehati maksimale dhe mbrojtje t\u00eb lart\u00eb gjat\u00eb aplikimit t\u00eb [&hellip;]<\/p>\n","protected":false},"featured_media":3778,"comment_status":"open","ping_status":"closed","template":"","meta":{"saved_in_kubio":false,"ub_ctt_via":"","_price":"1.50","_stock":"","_tribe_ticket_header":"","_tribe_default_ticket_provider":"","_tribe_ticket_capacity":"0","_ticket_start_date":"","_ticket_end_date":"","_tribe_ticket_show_description":"","_tribe_ticket_show_not_going":false,"_tribe_ticket_use_global_stock":"","_tribe_ticket_global_stock_level":"","_global_stock_mode":"","_global_stock_cap":"","_tribe_rsvp_for_event":"","_tribe_ticket_going_count":"","_tribe_ticket_not_going_count":"","_tribe_tickets_list":"[]","_tribe_ticket_has_attendee_info_fields":false},"product_cat":[50],"product_tag":[],"yoast_head":"<!-- This site is optimized with the Yoast SEO plugin v22.0 - https:\/\/yoast.com\/wordpress\/plugins\/seo\/ -->\n<title>Cellona\u00ae UP (Undercast Padding) 15cm x 3m - physio-area.net<\/title>\n<meta name=\"robots\" content=\"index, follow, max-snippet:-1, max-image-preview:large, max-video-preview:-1\" \/>\n<link rel=\"canonical\" href=\"https:\/\/physio-area.net\/index.php\/product\/cellona-up-undercast-padding-15cm-x-3m\/\" \/>\n<meta property=\"og:locale\" content=\"en_US\" \/>\n<meta property=\"og:type\" content=\"article\" \/>\n<meta property=\"og:title\" content=\"Cellona\u00ae UP (Undercast Padding) 15cm x 3m - physio-area.net\" \/>\n<meta property=\"og:description\" content=\"Cellona\u00ae UP (Undercast Padding) nga prodhuesi gjerman Lohmann &amp; Rauscher \u00ebsht\u00eb nj\u00eb material mbrojt\u00ebs i avancuar, i dizajnuar p\u00ebr t\u00eb ofruar rehati maksimale dhe mbrojtje t\u00eb lart\u00eb gjat\u00eb aplikimit t\u00eb [&hellip;]\" \/>\n<meta property=\"og:url\" content=\"https:\/\/physio-area.net\/index.php\/product\/cellona-up-undercast-padding-15cm-x-3m\/\" \/>\n<meta property=\"og:site_name\" content=\"physio-area.net\" \/>\n<meta property=\"og:image\" content=\"http:\/\/physio-area.net\/wp-content\/uploads\/2025\/04\/cellona-up-15-cm-x-3m.webp\" \/>\n\t<meta property=\"og:image:width\" content=\"700\" \/>\n\t<meta property=\"og:image:height\" content=\"700\" \/>\n\t<meta property=\"og:image:type\" content=\"image\/webp\" \/>\n<meta name=\"twitter:card\" content=\"summary_large_image\" \/>\n<meta name=\"twitter:label1\" content=\"Est. reading time\" \/>\n\t<meta name=\"twitter:data1\" content=\"2 minutes\" \/>\n<script type=\"application\/ld+json\" class=\"yoast-schema-graph\">{\"@context\":\"https:\/\/schema.org\",\"@graph\":[{\"@type\":\"WebPage\",\"@id\":\"https:\/\/physio-area.net\/index.php\/product\/cellona-up-undercast-padding-15cm-x-3m\/\",\"url\":\"https:\/\/physio-area.net\/index.php\/product\/cellona-up-undercast-padding-15cm-x-3m\/\",\"name\":\"Cellona\u00ae UP (Undercast Padding) 15cm x 3m - physio-area.net\",\"isPartOf\":{\"@id\":\"https:\/\/physio-area.net\/#website\"},\"datePublished\":\"2025-04-18T16:04:42+00:00\",\"dateModified\":\"2025-04-18T16:04:42+00:00\",\"breadcrumb\":{\"@id\":\"https:\/\/physio-area.net\/index.php\/product\/cellona-up-undercast-padding-15cm-x-3m\/#breadcrumb\"},\"inLanguage\":\"en-US\",\"potentialAction\":[{\"@type\":\"ReadAction\",\"target\":[\"https:\/\/physio-area.net\/index.php\/product\/cellona-up-undercast-padding-15cm-x-3m\/\"]}]},{\"@type\":\"BreadcrumbList\",\"@id\":\"https:\/\/physio-area.net\/index.php\/product\/cellona-up-undercast-padding-15cm-x-3m\/#breadcrumb\",\"itemListElement\":[{\"@type\":\"ListItem\",\"position\":1,\"name\":\"Home\",\"item\":\"https:\/\/physio-area.net\/\"},{\"@type\":\"ListItem\",\"position\":2,\"name\":\"Categories\",\"item\":\"https:\/\/physio-area.net\/index.php\/events-2\/categories\/\"},{\"@type\":\"ListItem\",\"position\":3,\"name\":\"Cellona\u00ae UP (Undercast Padding) 15cm x 3m\"}]},{\"@type\":\"WebSite\",\"@id\":\"https:\/\/physio-area.net\/#website\",\"url\":\"https:\/\/physio-area.net\/\",\"name\":\"physio-area.net\",\"description\":\"\",\"potentialAction\":[{\"@type\":\"SearchAction\",\"target\":{\"@type\":\"EntryPoint\",\"urlTemplate\":\"https:\/\/physio-area.net\/?s={search_term_string}\"},\"query-input\":\"required name=search_term_string\"}],\"inLanguage\":\"en-US\"}]}<\/script>\n<!-- \/ Yoast SEO plugin. -->","yoast_head_json":{"title":"Cellona\u00ae UP (Undercast Padding) 15cm x 3m - physio-area.net","robots":{"index":"index","follow":"follow","max-snippet":"max-snippet:-1","max-image-preview":"max-image-preview:large","max-video-preview":"max-video-preview:-1"},"canonical":"https:\/\/physio-area.net\/index.php\/product\/cellona-up-undercast-padding-15cm-x-3m\/","og_locale":"en_US","og_type":"article","og_title":"Cellona\u00ae UP (Undercast Padding) 15cm x 3m - physio-area.net","og_description":"Cellona\u00ae UP (Undercast Padding) nga prodhuesi gjerman Lohmann &amp; Rauscher \u00ebsht\u00eb nj\u00eb material mbrojt\u00ebs i avancuar, i dizajnuar p\u00ebr t\u00eb ofruar rehati maksimale dhe mbrojtje t\u00eb lart\u00eb gjat\u00eb aplikimit t\u00eb [&hellip;]","og_url":"https:\/\/physio-area.net\/index.php\/product\/cellona-up-undercast-padding-15cm-x-3m\/","og_site_name":"physio-area.net","og_image":[{"width":700,"height":700,"url":"http:\/\/physio-area.net\/wp-content\/uploads\/2025\/04\/cellona-up-15-cm-x-3m.webp","type":"image\/webp"}],"twitter_card":"summary_large_image","twitter_misc":{"Est. reading time":"2 minutes"},"schema":{"@context":"https:\/\/schema.org","@graph":[{"@type":"WebPage","@id":"https:\/\/physio-area.net\/index.php\/product\/cellona-up-undercast-padding-15cm-x-3m\/","url":"https:\/\/physio-area.net\/index.php\/product\/cellona-up-undercast-padding-15cm-x-3m\/","name":"Cellona\u00ae UP (Undercast Padding) 15cm x 3m - physio-area.net","isPartOf":{"@id":"https:\/\/physio-area.net\/#website"},"datePublished":"2025-04-18T16:04:42+00:00","dateModified":"2025-04-18T16:04:42+00:00","breadcrumb":{"@id":"https:\/\/physio-area.net\/index.php\/product\/cellona-up-undercast-padding-15cm-x-3m\/#breadcrumb"},"inLanguage":"en-US","potentialAction":[{"@type":"ReadAction","target":["https:\/\/physio-area.net\/index.php\/product\/cellona-up-undercast-padding-15cm-x-3m\/"]}]},{"@type":"BreadcrumbList","@id":"https:\/\/physio-area.net\/index.php\/product\/cellona-up-undercast-padding-15cm-x-3m\/#breadcrumb","itemListElement":[{"@type":"ListItem","position":1,"name":"Home","item":"https:\/\/physio-area.net\/"},{"@type":"ListItem","position":2,"name":"Categories","item":"https:\/\/physio-area.net\/index.php\/events-2\/categories\/"},{"@type":"ListItem","position":3,"name":"Cellona\u00ae UP (Undercast Padding) 15cm x 3m"}]},{"@type":"WebSite","@id":"https:\/\/physio-area.net\/#website","url":"https:\/\/physio-area.net\/","name":"physio-area.net","description":"","potentialAction":[{"@type":"SearchAction","target":{"@type":"EntryPoint","urlTemplate":"https:\/\/physio-area.net\/?s={search_term_string}"},"query-input":"required name=search_term_string"}],"inLanguage":"en-US"}]}},"jetpack_sharing_enabled":true,"_links":{"self":[{"href":"https:\/\/physio-area.net\/index.php\/wp-json\/wp\/v2\/product\/3777"}],"collection":[{"href":"https:\/\/physio-area.net\/index.php\/wp-json\/wp\/v2\/product"}],"about":[{"href":"https:\/\/physio-area.net\/index.php\/wp-json\/wp\/v2\/types\/product"}],"replies":[{"embeddable":true,"href":"https:\/\/physio-area.net\/index.php\/wp-json\/wp\/v2\/comments?post=3777"}],"wp:featuredmedia":[{"embeddable":true,"href":"https:\/\/physio-area.net\/index.php\/wp-json\/wp\/v2\/media\/3778"}],"wp:attachment":[{"href":"https:\/\/physio-area.net\/index.php\/wp-json\/wp\/v2\/media?parent=3777"}],"wp:term":[{"taxonomy":"product_cat","embeddable":true,"href":"https:\/\/physio-area.net\/index.php\/wp-json\/wp\/v2\/product_cat?post=3777"},{"taxonomy":"product_tag","embeddable":true,"href":"https:\/\/physio-area.net\/index.php\/wp-json\/wp\/v2\/product_tag?post=3777"}],"curies":[{"name":"wp","href":"https:\/\/api.w.org\/{rel}","templated":true}]}}