{"id":3773,"date":"2025-04-12T10:06:06","date_gmt":"2025-04-12T10:06:06","guid":{"rendered":"https:\/\/physio-area.net\/?post_type=product&#038;p=3773"},"modified":"2025-04-12T10:06:06","modified_gmt":"2025-04-12T10:06:06","slug":"rea-voodoo-floss-band-extreme","status":"publish","type":"product","link":"https:\/\/physio-area.net\/index.php\/product\/rea-voodoo-floss-band-extreme\/","title":{"rendered":"Rea Voodoo Floss Band (Extreme)"},"content":{"rendered":"<h3 class=\"\" data-start=\"1327\" data-end=\"1377\">\u2b1b <strong data-start=\"1333\" data-end=\"1377\">Rea Voodoo Floss Band \u2013 E Zez\u00eb (Extreme)<\/strong><\/h3>\n<p class=\"\" data-start=\"1379\" data-end=\"1504\"><span class=\"relative -mx-px my-[-0.2rem] rounded px-px py-[0.2rem] transition-colors duration-100 ease-in-out\"><strong data-start=\"0\" data-end=\"25\" data-is-only-node=\"\">Rea Voodoo Floss Band<\/strong> n\u00eb ngjyr\u00eb t\u00eb zez\u00eb \u00ebsht\u00eb nj\u00eb shirit elastik terapeutik me rezistenc\u00eb t\u00eb lart\u00eb, i krijuar p\u00ebr p\u00ebrdoruesit q\u00eb k\u00ebrkojn\u00eb nj\u00eb presion m\u00eb t\u00eb fort\u00eb gjat\u00eb terapis\u00eb.<\/span> <span class=\"relative -mx-px my-[-0.2rem] rounded px-px py-[0.2rem] transition-colors duration-100 ease-in-out\">Ky model \u00ebsht\u00eb ideal p\u00ebr atlet\u00ebt dhe individ\u00ebt me p\u00ebrvoj\u00eb q\u00eb synojn\u00eb nj\u00eb trajtim m\u00eb intensiv p\u00ebr rikuperimin e muskujve dhe nyjeve.<\/span>\u200b<\/p>\n<p class=\"\" data-start=\"1506\" data-end=\"1535\"><strong data-start=\"1506\" data-end=\"1535\">Karakteristikat kryesore:<\/strong><\/p>\n<ul data-start=\"1536\" data-end=\"2149\">\n<li class=\"\" data-start=\"1536\" data-end=\"1639\">\n<p class=\"\" data-start=\"1538\" data-end=\"1639\"><strong data-start=\"1538\" data-end=\"1553\">Rezistenc\u00eb:<\/strong> <span class=\"relative -mx-px my-[-0.2rem] rounded px-px py-[0.2rem] transition-colors duration-100 ease-in-out\">Extreme<\/span>\u200b<\/p>\n<\/li>\n<li class=\"\" data-start=\"1640\" data-end=\"1741\">\n<p class=\"\" data-start=\"1642\" data-end=\"1741\"><strong data-start=\"1642\" data-end=\"1655\">Gjat\u00ebsia:<\/strong> <span class=\"relative -mx-px my-[-0.2rem] rounded px-px py-[0.2rem] transition-colors duration-100 ease-in-out\">208 cm<\/span><\/p>\n<\/li>\n<li class=\"\" data-start=\"1640\" data-end=\"1741\">\n<p class=\"\" data-start=\"1642\" data-end=\"1741\"><span class=\"\" data-state=\"closed\"><span class=\"ms-1 inline-flex max-w-full items-center relative top-[-0.094rem] animate-[show_150ms_ease-in]\"><a class=\"flex h-6 overflow-hidden rounded-xl px-2.5 text-[0.5625em] font-medium text-token-text-secondary! bg-[#F4F4F4]! dark:bg-[#303030]! transition-colors duration-150 ease-in-out\" href=\"https:\/\/orthopedika-online.gr\/product\/rea-voodoo-floss-band\/?utm_source=chatgpt.com\" target=\"_blank\" rel=\"noopener\"><span class=\"relative start-0 bottom-0 flex h-full w-full items-center\"><span class=\"flex h-4 w-full items-center justify-between overflow-hidden\"><span class=\"max-w-full grow truncate overflow-hidden text-center\">r<\/span><\/span><\/span><\/a><\/span><\/span><strong data-start=\"1744\" data-end=\"1757\">Gjer\u00ebsia:<\/strong> <span class=\"relative -mx-px my-[-0.2rem] rounded px-px py-[0.2rem] transition-colors duration-100 ease-in-out\">5 cm<\/span>\u200b<\/p>\n<\/li>\n<li class=\"\" data-start=\"1844\" data-end=\"1946\">\n<p class=\"\" data-start=\"1846\" data-end=\"1946\"><strong data-start=\"1846\" data-end=\"1860\">Trash\u00ebsia:<\/strong> <span class=\"relative -mx-px my-[-0.2rem] rounded px-px py-[0.2rem] transition-colors duration-100 ease-in-out\">1.5 mm<\/span><\/p>\n<\/li>\n<li class=\"\" data-start=\"1947\" data-end=\"2049\">\n<p class=\"\" data-start=\"1949\" data-end=\"2049\"><strong data-start=\"1949\" data-end=\"1963\">Materiali:<\/strong> <span class=\"relative -mx-px my-[-0.2rem] rounded px-px py-[0.2rem] transition-colors duration-100 ease-in-out\">100% lateks natyral<\/span>\u200b<\/p>\n<\/li>\n<li class=\"\" data-start=\"2050\" data-end=\"2149\">\n<p class=\"\" data-start=\"2052\" data-end=\"2149\"><strong data-start=\"2052\" data-end=\"2063\">Ngjyra:<\/strong> <span class=\"relative -mx-px my-[-0.2rem] rounded px-px py-[0.2rem] transition-colors duration-100 ease-in-out\">E zez\u00eb<\/span>\u200b<\/p>\n<\/li>\n<\/ul>\n<p class=\"\" data-start=\"2151\" data-end=\"2179\"><strong data-start=\"2151\" data-end=\"2179\">P\u00ebrdorimi i rekomanduar:<\/strong><\/p>\n<ul data-start=\"2180\" data-end=\"2531\">\n<li class=\"\" data-start=\"2180\" data-end=\"2267\">\n<p class=\"\" data-start=\"2182\" data-end=\"2267\"><span class=\"relative -mx-px my-[-0.2rem] rounded px-px py-[0.2rem] transition-colors duration-100 ease-in-out\">Terapia e thell\u00eb e indeve t\u00eb buta<\/span><\/p>\n<\/li>\n<li class=\"\" data-start=\"2180\" data-end=\"2267\">\n<p class=\"\" data-start=\"2182\" data-end=\"2267\">P\u00ebrmir\u00ebsimi i l\u00ebvizshm\u00ebris\u00eb\u200b s\u00eb nyjeve<\/p>\n<\/li>\n<li class=\"\" data-start=\"2268\" data-end=\"2355\">\n<p class=\"\" data-start=\"2270\" data-end=\"2355\"><span class=\"relative -mx-px my-[-0.2rem] rounded px-px py-[0.2rem] transition-colors duration-100 ease-in-out\">Rikuperimi pas l\u00ebndimeve t\u00eb r\u00ebnda<\/span>\u200b<\/p>\n<\/li>\n<li class=\"\" data-start=\"2356\" data-end=\"2443\">\n<p class=\"\" data-start=\"2358\" data-end=\"2443\"><span class=\"relative -mx-px my-[-0.2rem] rounded px-px py-[0.2rem] transition-colors duration-100 ease-in-out\">Reduktimi i dhimbjes, inflamacionit dhe ngurt\u00ebsis\u00eb muskulore<\/span>\u200b<\/p>\n<\/li>\n<li class=\"\" data-start=\"2444\" data-end=\"2531\">\n<p class=\"\" data-start=\"2446\" data-end=\"2531\"><span class=\"relative -mx-px my-[-0.2rem] rounded px-px py-[0.2rem] transition-colors duration-100 ease-in-out\">E p\u00ebrshtatsh\u00ebm p\u00ebr atlet\u00eb dhe p\u00ebrdorues me p\u00ebrvoj\u00eb<\/span><\/p>\n<\/li>\n<\/ul>\n","protected":false},"excerpt":{"rendered":"<p>\u2b1b Rea Voodoo Floss Band \u2013 E Zez\u00eb (Extreme) Rea Voodoo Floss Band n\u00eb ngjyr\u00eb t\u00eb zez\u00eb \u00ebsht\u00eb nj\u00eb shirit elastik terapeutik me rezistenc\u00eb t\u00eb lart\u00eb, i krijuar p\u00ebr p\u00ebrdoruesit [&hellip;]<\/p>\n","protected":false},"featured_media":3769,"comment_status":"open","ping_status":"closed","template":"","meta":{"saved_in_kubio":false,"ub_ctt_via":"","_price":"17.00","_stock":"","_tribe_ticket_header":"","_tribe_default_ticket_provider":"","_tribe_ticket_capacity":"0","_ticket_start_date":"","_ticket_end_date":"","_tribe_ticket_show_description":"","_tribe_ticket_show_not_going":false,"_tribe_ticket_use_global_stock":"","_tribe_ticket_global_stock_level":"","_global_stock_mode":"","_global_stock_cap":"","_tribe_rsvp_for_event":"","_tribe_ticket_going_count":"","_tribe_ticket_not_going_count":"","_tribe_tickets_list":"[]","_tribe_ticket_has_attendee_info_fields":false},"product_cat":[45],"product_tag":[],"yoast_head":"<!-- This site is optimized with the Yoast SEO plugin v22.0 - https:\/\/yoast.com\/wordpress\/plugins\/seo\/ -->\n<title>Rea Voodoo Floss Band (Extreme) - physio-area.net<\/title>\n<meta name=\"robots\" content=\"index, follow, max-snippet:-1, max-image-preview:large, max-video-preview:-1\" \/>\n<link rel=\"canonical\" href=\"https:\/\/physio-area.net\/index.php\/product\/rea-voodoo-floss-band-extreme\/\" \/>\n<meta property=\"og:locale\" content=\"en_US\" \/>\n<meta property=\"og:type\" content=\"article\" \/>\n<meta property=\"og:title\" content=\"Rea Voodoo Floss Band (Extreme) - physio-area.net\" \/>\n<meta property=\"og:description\" content=\"\u2b1b Rea Voodoo Floss Band \u2013 E Zez\u00eb (Extreme) Rea Voodoo Floss Band n\u00eb ngjyr\u00eb t\u00eb zez\u00eb \u00ebsht\u00eb nj\u00eb shirit elastik terapeutik me rezistenc\u00eb t\u00eb lart\u00eb, i krijuar p\u00ebr p\u00ebrdoruesit [&hellip;]\" \/>\n<meta property=\"og:url\" content=\"https:\/\/physio-area.net\/index.php\/product\/rea-voodoo-floss-band-extreme\/\" \/>\n<meta property=\"og:site_name\" content=\"physio-area.net\" \/>\n<meta property=\"og:image\" content=\"http:\/\/physio-area.net\/wp-content\/uploads\/2025\/04\/rea-black-floss-1.jpg\" \/>\n\t<meta property=\"og:image:width\" content=\"2560\" \/>\n\t<meta property=\"og:image:height\" content=\"1713\" \/>\n\t<meta property=\"og:image:type\" content=\"image\/jpeg\" \/>\n<meta name=\"twitter:card\" content=\"summary_large_image\" \/>\n<meta name=\"twitter:label1\" content=\"Est. reading time\" \/>\n\t<meta name=\"twitter:data1\" content=\"1 minute\" \/>\n<script type=\"application\/ld+json\" class=\"yoast-schema-graph\">{\"@context\":\"https:\/\/schema.org\",\"@graph\":[{\"@type\":\"WebPage\",\"@id\":\"https:\/\/physio-area.net\/index.php\/product\/rea-voodoo-floss-band-extreme\/\",\"url\":\"https:\/\/physio-area.net\/index.php\/product\/rea-voodoo-floss-band-extreme\/\",\"name\":\"Rea Voodoo Floss Band (Extreme) - physio-area.net\",\"isPartOf\":{\"@id\":\"https:\/\/physio-area.net\/#website\"},\"datePublished\":\"2025-04-12T10:06:06+00:00\",\"dateModified\":\"2025-04-12T10:06:06+00:00\",\"breadcrumb\":{\"@id\":\"https:\/\/physio-area.net\/index.php\/product\/rea-voodoo-floss-band-extreme\/#breadcrumb\"},\"inLanguage\":\"en-US\",\"potentialAction\":[{\"@type\":\"ReadAction\",\"target\":[\"https:\/\/physio-area.net\/index.php\/product\/rea-voodoo-floss-band-extreme\/\"]}]},{\"@type\":\"BreadcrumbList\",\"@id\":\"https:\/\/physio-area.net\/index.php\/product\/rea-voodoo-floss-band-extreme\/#breadcrumb\",\"itemListElement\":[{\"@type\":\"ListItem\",\"position\":1,\"name\":\"Home\",\"item\":\"https:\/\/physio-area.net\/\"},{\"@type\":\"ListItem\",\"position\":2,\"name\":\"Categories\",\"item\":\"https:\/\/physio-area.net\/index.php\/events-2\/categories\/\"},{\"@type\":\"ListItem\",\"position\":3,\"name\":\"Rea Voodoo Floss Band (Extreme)\"}]},{\"@type\":\"WebSite\",\"@id\":\"https:\/\/physio-area.net\/#website\",\"url\":\"https:\/\/physio-area.net\/\",\"name\":\"physio-area.net\",\"description\":\"\",\"potentialAction\":[{\"@type\":\"SearchAction\",\"target\":{\"@type\":\"EntryPoint\",\"urlTemplate\":\"https:\/\/physio-area.net\/?s={search_term_string}\"},\"query-input\":\"required name=search_term_string\"}],\"inLanguage\":\"en-US\"}]}<\/script>\n<!-- \/ Yoast SEO plugin. -->","yoast_head_json":{"title":"Rea Voodoo Floss Band (Extreme) - physio-area.net","robots":{"index":"index","follow":"follow","max-snippet":"max-snippet:-1","max-image-preview":"max-image-preview:large","max-video-preview":"max-video-preview:-1"},"canonical":"https:\/\/physio-area.net\/index.php\/product\/rea-voodoo-floss-band-extreme\/","og_locale":"en_US","og_type":"article","og_title":"Rea Voodoo Floss Band (Extreme) - physio-area.net","og_description":"\u2b1b Rea Voodoo Floss Band \u2013 E Zez\u00eb (Extreme) Rea Voodoo Floss Band n\u00eb ngjyr\u00eb t\u00eb zez\u00eb \u00ebsht\u00eb nj\u00eb shirit elastik terapeutik me rezistenc\u00eb t\u00eb lart\u00eb, i krijuar p\u00ebr p\u00ebrdoruesit [&hellip;]","og_url":"https:\/\/physio-area.net\/index.php\/product\/rea-voodoo-floss-band-extreme\/","og_site_name":"physio-area.net","og_image":[{"width":2560,"height":1713,"url":"http:\/\/physio-area.net\/wp-content\/uploads\/2025\/04\/rea-black-floss-1.jpg","type":"image\/jpeg"}],"twitter_card":"summary_large_image","twitter_misc":{"Est. reading time":"1 minute"},"schema":{"@context":"https:\/\/schema.org","@graph":[{"@type":"WebPage","@id":"https:\/\/physio-area.net\/index.php\/product\/rea-voodoo-floss-band-extreme\/","url":"https:\/\/physio-area.net\/index.php\/product\/rea-voodoo-floss-band-extreme\/","name":"Rea Voodoo Floss Band (Extreme) - physio-area.net","isPartOf":{"@id":"https:\/\/physio-area.net\/#website"},"datePublished":"2025-04-12T10:06:06+00:00","dateModified":"2025-04-12T10:06:06+00:00","breadcrumb":{"@id":"https:\/\/physio-area.net\/index.php\/product\/rea-voodoo-floss-band-extreme\/#breadcrumb"},"inLanguage":"en-US","potentialAction":[{"@type":"ReadAction","target":["https:\/\/physio-area.net\/index.php\/product\/rea-voodoo-floss-band-extreme\/"]}]},{"@type":"BreadcrumbList","@id":"https:\/\/physio-area.net\/index.php\/product\/rea-voodoo-floss-band-extreme\/#breadcrumb","itemListElement":[{"@type":"ListItem","position":1,"name":"Home","item":"https:\/\/physio-area.net\/"},{"@type":"ListItem","position":2,"name":"Categories","item":"https:\/\/physio-area.net\/index.php\/events-2\/categories\/"},{"@type":"ListItem","position":3,"name":"Rea Voodoo Floss Band (Extreme)"}]},{"@type":"WebSite","@id":"https:\/\/physio-area.net\/#website","url":"https:\/\/physio-area.net\/","name":"physio-area.net","description":"","potentialAction":[{"@type":"SearchAction","target":{"@type":"EntryPoint","urlTemplate":"https:\/\/physio-area.net\/?s={search_term_string}"},"query-input":"required name=search_term_string"}],"inLanguage":"en-US"}]}},"jetpack_sharing_enabled":true,"_links":{"self":[{"href":"https:\/\/physio-area.net\/index.php\/wp-json\/wp\/v2\/product\/3773"}],"collection":[{"href":"https:\/\/physio-area.net\/index.php\/wp-json\/wp\/v2\/product"}],"about":[{"href":"https:\/\/physio-area.net\/index.php\/wp-json\/wp\/v2\/types\/product"}],"replies":[{"embeddable":true,"href":"https:\/\/physio-area.net\/index.php\/wp-json\/wp\/v2\/comments?post=3773"}],"wp:featuredmedia":[{"embeddable":true,"href":"https:\/\/physio-area.net\/index.php\/wp-json\/wp\/v2\/media\/3769"}],"wp:attachment":[{"href":"https:\/\/physio-area.net\/index.php\/wp-json\/wp\/v2\/media?parent=3773"}],"wp:term":[{"taxonomy":"product_cat","embeddable":true,"href":"https:\/\/physio-area.net\/index.php\/wp-json\/wp\/v2\/product_cat?post=3773"},{"taxonomy":"product_tag","embeddable":true,"href":"https:\/\/physio-area.net\/index.php\/wp-json\/wp\/v2\/product_tag?post=3773"}],"curies":[{"name":"wp","href":"https:\/\/api.w.org\/{rel}","templated":true}]}}