{"id":3765,"date":"2025-04-12T09:47:57","date_gmt":"2025-04-12T09:47:57","guid":{"rendered":"https:\/\/physio-area.net\/?post_type=product&#038;p=3765"},"modified":"2025-04-12T09:47:58","modified_gmt":"2025-04-12T09:47:58","slug":"rea-voodoo-floss-band-standard","status":"publish","type":"product","link":"https:\/\/physio-area.net\/index.php\/product\/rea-voodoo-floss-band-standard\/","title":{"rendered":"Rea Voodoo Floss Band (Standard)"},"content":{"rendered":"<p class=\"\" data-start=\"40\" data-end=\"121\">\u200b<\/p>\n<hr class=\"\" data-start=\"123\" data-end=\"126\" \/>\n<h3 class=\"\" data-start=\"128\" data-end=\"180\">\ud83d\udfe5 <strong data-start=\"135\" data-end=\"180\">Rea Voodoo Floss Band \u2013 E Kuqe (Standard)<\/strong><\/h3>\n<p class=\"\" data-start=\"182\" data-end=\"301\"><span class=\"relative -mx-px my-[-0.2rem] rounded px-px py-[0.2rem] transition-colors duration-100 ease-in-out\"><strong data-start=\"0\" data-end=\"25\" data-is-only-node=\"\">Rea Voodoo Floss Band<\/strong> n\u00eb ngjyr\u00eb t\u00eb kuqe \u00ebsht\u00eb nj\u00eb shirit elastik terapeutik i dizajnuar p\u00ebr t\u00eb p\u00ebrmir\u00ebsuar l\u00ebvizshm\u00ebrin\u00eb, p\u00ebr t\u00eb reduktuar dhimbjet dhe p\u00ebr t\u00eb ndihmuar n\u00eb rikuperimin e muskujve dhe nyjeve.<\/span> <span class=\"relative -mx-px my-[-0.2rem] rounded px-px py-[0.2rem] transition-colors duration-100 ease-in-out\">Ky model ofron nj\u00eb nivel standard t\u00eb rezistenc\u00ebs, duke e b\u00ebr\u00eb at\u00eb t\u00eb p\u00ebrshtatsh\u00ebm p\u00ebr p\u00ebrdorim t\u00eb p\u00ebrditsh\u00ebm dhe p\u00ebr individ\u00ebt q\u00eb k\u00ebrkojn\u00eb nj\u00eb presion t\u00eb moderuar gjat\u00eb terapis\u00eb.<\/span>\u200b<\/p>\n<p class=\"\" data-start=\"303\" data-end=\"332\"><strong data-start=\"303\" data-end=\"332\">Karakteristikat kryesore:<\/strong><\/p>\n<ul data-start=\"333\" data-end=\"938\">\n<li class=\"\" data-start=\"333\" data-end=\"432\">\n<p class=\"\" data-start=\"335\" data-end=\"432\"><strong data-start=\"335\" data-end=\"350\">Rezistenc\u00eb:<\/strong> <span class=\"relative -mx-px my-[-0.2rem] rounded px-px py-[0.2rem] transition-colors duration-100 ease-in-out\">Standard<\/span><\/p>\n<\/li>\n<li class=\"\" data-start=\"433\" data-end=\"530\">\n<p class=\"\" data-start=\"435\" data-end=\"530\"><strong data-start=\"435\" data-end=\"448\">Gjat\u00ebsia:<\/strong> <span class=\"relative -mx-px my-[-0.2rem] rounded px-px py-[0.2rem] transition-colors duration-100 ease-in-out\">208 cm<\/span>\u200b<\/p>\n<\/li>\n<li class=\"\" data-start=\"433\" data-end=\"530\">\n<p class=\"\" data-start=\"435\" data-end=\"530\"><strong data-start=\"533\" data-end=\"546\">Gjer\u00ebsia:<\/strong> <span class=\"relative -mx-px my-[-0.2rem] rounded px-px py-[0.2rem] transition-colors duration-100 ease-in-out\">5 cm<\/span>\u200b<\/p>\n<\/li>\n<li class=\"\" data-start=\"633\" data-end=\"735\">\n<p class=\"\" data-start=\"635\" data-end=\"735\"><strong data-start=\"635\" data-end=\"649\">Trash\u00ebsia:<\/strong> <span class=\"relative -mx-px my-[-0.2rem] rounded px-px py-[0.2rem] transition-colors duration-100 ease-in-out\">1.0 mm<\/span><\/p>\n<\/li>\n<li class=\"\" data-start=\"736\" data-end=\"838\">\n<p class=\"\" data-start=\"738\" data-end=\"838\"><strong data-start=\"738\" data-end=\"752\">Materiali:<\/strong> <span class=\"relative -mx-px my-[-0.2rem] rounded px-px py-[0.2rem] transition-colors duration-100 ease-in-out\">100% lateks natyral<\/span>\u200b<\/p>\n<\/li>\n<li class=\"\" data-start=\"839\" data-end=\"938\">\n<p class=\"\" data-start=\"841\" data-end=\"938\"><strong data-start=\"841\" data-end=\"852\">Ngjyra:<\/strong> <span class=\"relative -mx-px my-[-0.2rem] rounded px-px py-[0.2rem] transition-colors duration-100 ease-in-out\">E kuqe<\/span>\u200b<\/p>\n<\/li>\n<\/ul>\n<p class=\"\" data-start=\"940\" data-end=\"968\"><strong data-start=\"940\" data-end=\"968\">P\u00ebrdorimi i rekomanduar:<\/strong><\/p>\n<ul data-start=\"969\" data-end=\"1320\">\n<li class=\"\" data-start=\"969\" data-end=\"1056\">\n<p class=\"\" data-start=\"971\" data-end=\"1056\"><span class=\"relative -mx-px my-[-0.2rem] rounded px-px py-[0.2rem] transition-colors duration-100 ease-in-out\">P\u00ebrmir\u00ebsimi i l\u00ebvizshm\u00ebris\u00eb s\u00eb nyjeve<\/span>\u200b<\/p>\n<\/li>\n<li class=\"\" data-start=\"1057\" data-end=\"1144\">\n<p class=\"\" data-start=\"1059\" data-end=\"1144\"><span class=\"relative -mx-px my-[-0.2rem] rounded px-px py-[0.2rem] transition-colors duration-100 ease-in-out\">Reduktimi i dhimbjeve muskulore<\/span>\u200b<\/p>\n<\/li>\n<li class=\"\" data-start=\"1145\" data-end=\"1232\">\n<p class=\"\" data-start=\"1147\" data-end=\"1232\"><span class=\"relative -mx-px my-[-0.2rem] rounded px-px py-[0.2rem] transition-colors duration-100 ease-in-out\">Ndihm\u00eb n\u00eb rikuperimin pas st\u00ebrvitjes<\/span>\u200b<\/p>\n<\/li>\n<li class=\"\" data-start=\"1233\" data-end=\"1320\">\n<p class=\"\" data-start=\"1235\" data-end=\"1320\"><span class=\"relative -mx-px my-[-0.2rem] rounded px-px py-[0.2rem] transition-colors duration-100 ease-in-out\">P\u00ebrshtatsh\u00ebm p\u00ebr fillestar\u00eb dhe p\u00ebrdorues t\u00eb p\u00ebrditsh\u00ebm<\/span>\u200b<\/p>\n<\/li>\n<\/ul>\n","protected":false},"excerpt":{"rendered":"<p>\u200b \ud83d\udfe5 Rea Voodoo Floss Band \u2013 E Kuqe (Standard) Rea Voodoo Floss Band n\u00eb ngjyr\u00eb t\u00eb kuqe \u00ebsht\u00eb nj\u00eb shirit elastik terapeutik i dizajnuar p\u00ebr t\u00eb p\u00ebrmir\u00ebsuar l\u00ebvizshm\u00ebrin\u00eb, p\u00ebr [&hellip;]<\/p>\n","protected":false},"featured_media":3771,"comment_status":"open","ping_status":"closed","template":"","meta":{"saved_in_kubio":false,"ub_ctt_via":"","_price":"15.00","_stock":"","_tribe_ticket_header":"","_tribe_default_ticket_provider":"","_tribe_ticket_capacity":"0","_ticket_start_date":"","_ticket_end_date":"","_tribe_ticket_show_description":"","_tribe_ticket_show_not_going":false,"_tribe_ticket_use_global_stock":"","_tribe_ticket_global_stock_level":"","_global_stock_mode":"","_global_stock_cap":"","_tribe_rsvp_for_event":"","_tribe_ticket_going_count":"","_tribe_ticket_not_going_count":"","_tribe_tickets_list":"[]","_tribe_ticket_has_attendee_info_fields":false},"product_cat":[45],"product_tag":[],"yoast_head":"<!-- This site is optimized with the Yoast SEO plugin v22.0 - https:\/\/yoast.com\/wordpress\/plugins\/seo\/ -->\n<title>Rea Voodoo Floss Band (Standard) - physio-area.net<\/title>\n<meta name=\"robots\" content=\"index, follow, max-snippet:-1, max-image-preview:large, max-video-preview:-1\" \/>\n<link rel=\"canonical\" href=\"https:\/\/physio-area.net\/index.php\/product\/rea-voodoo-floss-band-standard\/\" \/>\n<meta property=\"og:locale\" content=\"en_US\" \/>\n<meta property=\"og:type\" content=\"article\" \/>\n<meta property=\"og:title\" content=\"Rea Voodoo Floss Band (Standard) - physio-area.net\" \/>\n<meta property=\"og:description\" content=\"\u200b \ud83d\udfe5 Rea Voodoo Floss Band \u2013 E Kuqe (Standard) Rea Voodoo Floss Band n\u00eb ngjyr\u00eb t\u00eb kuqe \u00ebsht\u00eb nj\u00eb shirit elastik terapeutik i dizajnuar p\u00ebr t\u00eb p\u00ebrmir\u00ebsuar l\u00ebvizshm\u00ebrin\u00eb, p\u00ebr [&hellip;]\" \/>\n<meta property=\"og:url\" content=\"https:\/\/physio-area.net\/index.php\/product\/rea-voodoo-floss-band-standard\/\" \/>\n<meta property=\"og:site_name\" content=\"physio-area.net\" \/>\n<meta property=\"article:modified_time\" content=\"2025-04-12T09:47:58+00:00\" \/>\n<meta property=\"og:image\" content=\"http:\/\/physio-area.net\/wp-content\/uploads\/2025\/04\/rea-red-floss-1.jpg\" \/>\n\t<meta property=\"og:image:width\" content=\"900\" \/>\n\t<meta property=\"og:image:height\" content=\"900\" \/>\n\t<meta property=\"og:image:type\" content=\"image\/jpeg\" \/>\n<meta name=\"twitter:card\" content=\"summary_large_image\" \/>\n<meta name=\"twitter:label1\" content=\"Est. reading time\" \/>\n\t<meta name=\"twitter:data1\" content=\"1 minute\" \/>\n<script type=\"application\/ld+json\" class=\"yoast-schema-graph\">{\"@context\":\"https:\/\/schema.org\",\"@graph\":[{\"@type\":\"WebPage\",\"@id\":\"https:\/\/physio-area.net\/index.php\/product\/rea-voodoo-floss-band-standard\/\",\"url\":\"https:\/\/physio-area.net\/index.php\/product\/rea-voodoo-floss-band-standard\/\",\"name\":\"Rea Voodoo Floss Band (Standard) - physio-area.net\",\"isPartOf\":{\"@id\":\"https:\/\/physio-area.net\/#website\"},\"datePublished\":\"2025-04-12T09:47:57+00:00\",\"dateModified\":\"2025-04-12T09:47:58+00:00\",\"breadcrumb\":{\"@id\":\"https:\/\/physio-area.net\/index.php\/product\/rea-voodoo-floss-band-standard\/#breadcrumb\"},\"inLanguage\":\"en-US\",\"potentialAction\":[{\"@type\":\"ReadAction\",\"target\":[\"https:\/\/physio-area.net\/index.php\/product\/rea-voodoo-floss-band-standard\/\"]}]},{\"@type\":\"BreadcrumbList\",\"@id\":\"https:\/\/physio-area.net\/index.php\/product\/rea-voodoo-floss-band-standard\/#breadcrumb\",\"itemListElement\":[{\"@type\":\"ListItem\",\"position\":1,\"name\":\"Home\",\"item\":\"https:\/\/physio-area.net\/\"},{\"@type\":\"ListItem\",\"position\":2,\"name\":\"Categories\",\"item\":\"https:\/\/physio-area.net\/index.php\/events-2\/categories\/\"},{\"@type\":\"ListItem\",\"position\":3,\"name\":\"Rea Voodoo Floss Band (Standard)\"}]},{\"@type\":\"WebSite\",\"@id\":\"https:\/\/physio-area.net\/#website\",\"url\":\"https:\/\/physio-area.net\/\",\"name\":\"physio-area.net\",\"description\":\"\",\"potentialAction\":[{\"@type\":\"SearchAction\",\"target\":{\"@type\":\"EntryPoint\",\"urlTemplate\":\"https:\/\/physio-area.net\/?s={search_term_string}\"},\"query-input\":\"required name=search_term_string\"}],\"inLanguage\":\"en-US\"}]}<\/script>\n<!-- \/ Yoast SEO plugin. -->","yoast_head_json":{"title":"Rea Voodoo Floss Band (Standard) - physio-area.net","robots":{"index":"index","follow":"follow","max-snippet":"max-snippet:-1","max-image-preview":"max-image-preview:large","max-video-preview":"max-video-preview:-1"},"canonical":"https:\/\/physio-area.net\/index.php\/product\/rea-voodoo-floss-band-standard\/","og_locale":"en_US","og_type":"article","og_title":"Rea Voodoo Floss Band (Standard) - physio-area.net","og_description":"\u200b \ud83d\udfe5 Rea Voodoo Floss Band \u2013 E Kuqe (Standard) Rea Voodoo Floss Band n\u00eb ngjyr\u00eb t\u00eb kuqe \u00ebsht\u00eb nj\u00eb shirit elastik terapeutik i dizajnuar p\u00ebr t\u00eb p\u00ebrmir\u00ebsuar l\u00ebvizshm\u00ebrin\u00eb, p\u00ebr [&hellip;]","og_url":"https:\/\/physio-area.net\/index.php\/product\/rea-voodoo-floss-band-standard\/","og_site_name":"physio-area.net","article_modified_time":"2025-04-12T09:47:58+00:00","og_image":[{"width":900,"height":900,"url":"http:\/\/physio-area.net\/wp-content\/uploads\/2025\/04\/rea-red-floss-1.jpg","type":"image\/jpeg"}],"twitter_card":"summary_large_image","twitter_misc":{"Est. reading time":"1 minute"},"schema":{"@context":"https:\/\/schema.org","@graph":[{"@type":"WebPage","@id":"https:\/\/physio-area.net\/index.php\/product\/rea-voodoo-floss-band-standard\/","url":"https:\/\/physio-area.net\/index.php\/product\/rea-voodoo-floss-band-standard\/","name":"Rea Voodoo Floss Band (Standard) - physio-area.net","isPartOf":{"@id":"https:\/\/physio-area.net\/#website"},"datePublished":"2025-04-12T09:47:57+00:00","dateModified":"2025-04-12T09:47:58+00:00","breadcrumb":{"@id":"https:\/\/physio-area.net\/index.php\/product\/rea-voodoo-floss-band-standard\/#breadcrumb"},"inLanguage":"en-US","potentialAction":[{"@type":"ReadAction","target":["https:\/\/physio-area.net\/index.php\/product\/rea-voodoo-floss-band-standard\/"]}]},{"@type":"BreadcrumbList","@id":"https:\/\/physio-area.net\/index.php\/product\/rea-voodoo-floss-band-standard\/#breadcrumb","itemListElement":[{"@type":"ListItem","position":1,"name":"Home","item":"https:\/\/physio-area.net\/"},{"@type":"ListItem","position":2,"name":"Categories","item":"https:\/\/physio-area.net\/index.php\/events-2\/categories\/"},{"@type":"ListItem","position":3,"name":"Rea Voodoo Floss Band (Standard)"}]},{"@type":"WebSite","@id":"https:\/\/physio-area.net\/#website","url":"https:\/\/physio-area.net\/","name":"physio-area.net","description":"","potentialAction":[{"@type":"SearchAction","target":{"@type":"EntryPoint","urlTemplate":"https:\/\/physio-area.net\/?s={search_term_string}"},"query-input":"required name=search_term_string"}],"inLanguage":"en-US"}]}},"jetpack_sharing_enabled":true,"_links":{"self":[{"href":"https:\/\/physio-area.net\/index.php\/wp-json\/wp\/v2\/product\/3765"}],"collection":[{"href":"https:\/\/physio-area.net\/index.php\/wp-json\/wp\/v2\/product"}],"about":[{"href":"https:\/\/physio-area.net\/index.php\/wp-json\/wp\/v2\/types\/product"}],"replies":[{"embeddable":true,"href":"https:\/\/physio-area.net\/index.php\/wp-json\/wp\/v2\/comments?post=3765"}],"wp:featuredmedia":[{"embeddable":true,"href":"https:\/\/physio-area.net\/index.php\/wp-json\/wp\/v2\/media\/3771"}],"wp:attachment":[{"href":"https:\/\/physio-area.net\/index.php\/wp-json\/wp\/v2\/media?parent=3765"}],"wp:term":[{"taxonomy":"product_cat","embeddable":true,"href":"https:\/\/physio-area.net\/index.php\/wp-json\/wp\/v2\/product_cat?post=3765"},{"taxonomy":"product_tag","embeddable":true,"href":"https:\/\/physio-area.net\/index.php\/wp-json\/wp\/v2\/product_tag?post=3765"}],"curies":[{"name":"wp","href":"https:\/\/api.w.org\/{rel}","templated":true}]}}