{"id":3749,"date":"2025-04-10T12:38:04","date_gmt":"2025-04-10T12:38:04","guid":{"rendered":"https:\/\/physio-area.net\/?post_type=product&#038;p=3749"},"modified":"2025-04-10T12:38:04","modified_gmt":"2025-04-10T12:38:04","slug":"nordblade-3-0","status":"publish","type":"product","link":"https:\/\/physio-area.net\/index.php\/product\/nordblade-3-0\/","title":{"rendered":"Nordblade 3.0"},"content":{"rendered":"<p class=\"\" data-start=\"203\" data-end=\"467\">NordBlade 3.0 \u00ebsht\u00eb nj\u00eb mjet i dizajnuar posa\u00e7\u00ebrisht p\u00ebr terapist\u00ebt manual dhe profesionist\u00ebt e estetik\u00ebs. Forma unike e k\u00ebtij instrumenti e b\u00ebn at\u00eb ideal p\u00ebr t\u00eb punuar n\u00eb zona t\u00eb vogla t\u00eb trupit, duke ofruar kontroll maksimal mbi zon\u00ebn dhe thell\u00ebsin\u00eb e ndikimit.<\/p>\n<p class=\"\" data-start=\"469\" data-end=\"753\">Fal\u00eb dizajnit dhe pesh\u00ebs s\u00eb balancuar, NordBlade 3.0 p\u00ebrshtatet n\u00eb m\u00ebnyr\u00eb ergonomike n\u00eb dor\u00ebn e specialistit, pa shkaktuar lodhje apo mbingarkes\u00eb n\u00eb ky\u00e7 gjat\u00eb p\u00ebrdorimit afatgjat\u00eb. Kjo e b\u00ebn vegl\u00ebn jasht\u00ebzakonisht t\u00eb rehatshme dhe efikase n\u00eb p\u00ebrdorim t\u00eb p\u00ebrditsh\u00ebm klinik apo estetik.<\/p>\n<p class=\"\" data-start=\"755\" data-end=\"784\"><strong data-start=\"755\" data-end=\"784\">Karakteristikat kryesore:<\/strong><\/p>\n<ul data-start=\"785\" data-end=\"1070\">\n<li class=\"\" data-start=\"785\" data-end=\"856\">\n<p class=\"\" data-start=\"787\" data-end=\"856\">Forma e ve\u00e7ant\u00eb e p\u00ebrshtatshme p\u00ebr trajtime precize n\u00eb zona t\u00eb vogla;<\/p>\n<\/li>\n<li class=\"\" data-start=\"857\" data-end=\"921\">\n<p class=\"\" data-start=\"859\" data-end=\"921\">Kontroll i shk\u00eblqyer mbi thell\u00ebsin\u00eb dhe drejtimin e presionit;<\/p>\n<\/li>\n<li class=\"\" data-start=\"922\" data-end=\"992\">\n<p class=\"\" data-start=\"924\" data-end=\"992\">Ergonomi e lart\u00eb q\u00eb mbron ky\u00e7in e dor\u00ebs gjat\u00eb p\u00ebrdorimit afatgjat\u00eb;<\/p>\n<\/li>\n<li class=\"\" data-start=\"993\" data-end=\"1070\">\n<p class=\"\" data-start=\"995\" data-end=\"1070\">Pa asnj\u00eb analog tjet\u00ebr n\u00eb treg n\u00eb aspektin e funksionalitetit dhe dizajnit.<\/p>\n<\/li>\n<\/ul>\n<p class=\"\" data-start=\"1072\" data-end=\"1097\"><strong data-start=\"1072\" data-end=\"1097\">Specifikimet teknike:<\/strong><\/p>\n<ul data-start=\"1098\" data-end=\"1208\">\n<li class=\"\" data-start=\"1098\" data-end=\"1150\">\n<p class=\"\" data-start=\"1100\" data-end=\"1150\">Materiali: \u00e7elik kirurgjikal i cil\u00ebsis\u00eb s\u00eb lart\u00eb<\/p>\n<\/li>\n<li class=\"\" data-start=\"1151\" data-end=\"1170\">\n<p class=\"\" data-start=\"1153\" data-end=\"1170\">Gjat\u00ebsia: 16 cm<\/p>\n<\/li>\n<li class=\"\" data-start=\"1171\" data-end=\"1189\">\n<p class=\"\" data-start=\"1173\" data-end=\"1189\">Gjer\u00ebsia: 4 cm<\/p>\n<\/li>\n<li class=\"\" data-start=\"1190\" data-end=\"1208\">\n<p class=\"\" data-start=\"1192\" data-end=\"1208\">Pesha: 90 gram<\/p>\n<\/li>\n<li data-start=\"1190\" data-end=\"1208\">Vjen n\u00eb dy forma (mat dhe i shk\u00eblqyer)<\/li>\n<\/ul>\n<p class=\"\" data-start=\"1210\" data-end=\"1392\">NordBlade 3.0 \u00ebsht\u00eb zgjedhja perfekte p\u00ebr ata q\u00eb k\u00ebrkojn\u00eb precizion, rehati dhe efikasitet n\u00eb terapit\u00eb e indeve t\u00eb buta, ve\u00e7an\u00ebrisht n\u00eb trajtimin e dor\u00ebs dhe n\u00eb procedurat kozmetike.<\/p>\n<p><strong><em>&#8220;norblade, use it or lose it&#8221;<\/em><\/strong><\/p>\n","protected":false},"excerpt":{"rendered":"<p>NordBlade 3.0 \u00ebsht\u00eb nj\u00eb mjet i dizajnuar posa\u00e7\u00ebrisht p\u00ebr terapist\u00ebt manual dhe profesionist\u00ebt e estetik\u00ebs. Forma unike e k\u00ebtij instrumenti e b\u00ebn at\u00eb ideal p\u00ebr t\u00eb punuar n\u00eb zona t\u00eb [&hellip;]<\/p>\n","protected":false},"featured_media":3741,"comment_status":"open","ping_status":"closed","template":"","meta":{"saved_in_kubio":false,"ub_ctt_via":"","_price":"110.00","_stock":"","_tribe_ticket_header":"","_tribe_default_ticket_provider":"","_tribe_ticket_capacity":"0","_ticket_start_date":"","_ticket_end_date":"","_tribe_ticket_show_description":"","_tribe_ticket_show_not_going":false,"_tribe_ticket_use_global_stock":"","_tribe_ticket_global_stock_level":"","_global_stock_mode":"","_global_stock_cap":"","_tribe_rsvp_for_event":"","_tribe_ticket_going_count":"","_tribe_ticket_not_going_count":"","_tribe_tickets_list":"[]","_tribe_ticket_has_attendee_info_fields":false},"product_cat":[47],"product_tag":[],"yoast_head":"<!-- This site is optimized with the Yoast SEO plugin v22.0 - https:\/\/yoast.com\/wordpress\/plugins\/seo\/ -->\n<title>Nordblade 3.0 - physio-area.net<\/title>\n<meta name=\"robots\" content=\"index, follow, max-snippet:-1, max-image-preview:large, max-video-preview:-1\" \/>\n<link rel=\"canonical\" href=\"https:\/\/physio-area.net\/index.php\/product\/nordblade-3-0\/\" \/>\n<meta property=\"og:locale\" content=\"en_US\" \/>\n<meta property=\"og:type\" content=\"article\" \/>\n<meta property=\"og:title\" content=\"Nordblade 3.0 - physio-area.net\" \/>\n<meta property=\"og:description\" content=\"NordBlade 3.0 \u00ebsht\u00eb nj\u00eb mjet i dizajnuar posa\u00e7\u00ebrisht p\u00ebr terapist\u00ebt manual dhe profesionist\u00ebt e estetik\u00ebs. Forma unike e k\u00ebtij instrumenti e b\u00ebn at\u00eb ideal p\u00ebr t\u00eb punuar n\u00eb zona t\u00eb [&hellip;]\" \/>\n<meta property=\"og:url\" content=\"https:\/\/physio-area.net\/index.php\/product\/nordblade-3-0\/\" \/>\n<meta property=\"og:site_name\" content=\"physio-area.net\" \/>\n<meta property=\"og:image\" content=\"http:\/\/physio-area.net\/wp-content\/uploads\/2025\/04\/Nordblade-3.0.jpg\" \/>\n\t<meta property=\"og:image:width\" content=\"1200\" \/>\n\t<meta property=\"og:image:height\" content=\"800\" \/>\n\t<meta property=\"og:image:type\" content=\"image\/jpeg\" \/>\n<meta name=\"twitter:card\" content=\"summary_large_image\" \/>\n<meta name=\"twitter:label1\" content=\"Est. reading time\" \/>\n\t<meta name=\"twitter:data1\" content=\"2 minutes\" \/>\n<script type=\"application\/ld+json\" class=\"yoast-schema-graph\">{\"@context\":\"https:\/\/schema.org\",\"@graph\":[{\"@type\":\"WebPage\",\"@id\":\"https:\/\/physio-area.net\/index.php\/product\/nordblade-3-0\/\",\"url\":\"https:\/\/physio-area.net\/index.php\/product\/nordblade-3-0\/\",\"name\":\"Nordblade 3.0 - physio-area.net\",\"isPartOf\":{\"@id\":\"https:\/\/physio-area.net\/#website\"},\"datePublished\":\"2025-04-10T12:38:04+00:00\",\"dateModified\":\"2025-04-10T12:38:04+00:00\",\"breadcrumb\":{\"@id\":\"https:\/\/physio-area.net\/index.php\/product\/nordblade-3-0\/#breadcrumb\"},\"inLanguage\":\"en-US\",\"potentialAction\":[{\"@type\":\"ReadAction\",\"target\":[\"https:\/\/physio-area.net\/index.php\/product\/nordblade-3-0\/\"]}]},{\"@type\":\"BreadcrumbList\",\"@id\":\"https:\/\/physio-area.net\/index.php\/product\/nordblade-3-0\/#breadcrumb\",\"itemListElement\":[{\"@type\":\"ListItem\",\"position\":1,\"name\":\"Home\",\"item\":\"https:\/\/physio-area.net\/\"},{\"@type\":\"ListItem\",\"position\":2,\"name\":\"Categories\",\"item\":\"https:\/\/physio-area.net\/index.php\/events-2\/categories\/\"},{\"@type\":\"ListItem\",\"position\":3,\"name\":\"Nordblade 3.0\"}]},{\"@type\":\"WebSite\",\"@id\":\"https:\/\/physio-area.net\/#website\",\"url\":\"https:\/\/physio-area.net\/\",\"name\":\"physio-area.net\",\"description\":\"\",\"potentialAction\":[{\"@type\":\"SearchAction\",\"target\":{\"@type\":\"EntryPoint\",\"urlTemplate\":\"https:\/\/physio-area.net\/?s={search_term_string}\"},\"query-input\":\"required name=search_term_string\"}],\"inLanguage\":\"en-US\"}]}<\/script>\n<!-- \/ Yoast SEO plugin. -->","yoast_head_json":{"title":"Nordblade 3.0 - physio-area.net","robots":{"index":"index","follow":"follow","max-snippet":"max-snippet:-1","max-image-preview":"max-image-preview:large","max-video-preview":"max-video-preview:-1"},"canonical":"https:\/\/physio-area.net\/index.php\/product\/nordblade-3-0\/","og_locale":"en_US","og_type":"article","og_title":"Nordblade 3.0 - physio-area.net","og_description":"NordBlade 3.0 \u00ebsht\u00eb nj\u00eb mjet i dizajnuar posa\u00e7\u00ebrisht p\u00ebr terapist\u00ebt manual dhe profesionist\u00ebt e estetik\u00ebs. Forma unike e k\u00ebtij instrumenti e b\u00ebn at\u00eb ideal p\u00ebr t\u00eb punuar n\u00eb zona t\u00eb [&hellip;]","og_url":"https:\/\/physio-area.net\/index.php\/product\/nordblade-3-0\/","og_site_name":"physio-area.net","og_image":[{"width":1200,"height":800,"url":"http:\/\/physio-area.net\/wp-content\/uploads\/2025\/04\/Nordblade-3.0.jpg","type":"image\/jpeg"}],"twitter_card":"summary_large_image","twitter_misc":{"Est. reading time":"2 minutes"},"schema":{"@context":"https:\/\/schema.org","@graph":[{"@type":"WebPage","@id":"https:\/\/physio-area.net\/index.php\/product\/nordblade-3-0\/","url":"https:\/\/physio-area.net\/index.php\/product\/nordblade-3-0\/","name":"Nordblade 3.0 - physio-area.net","isPartOf":{"@id":"https:\/\/physio-area.net\/#website"},"datePublished":"2025-04-10T12:38:04+00:00","dateModified":"2025-04-10T12:38:04+00:00","breadcrumb":{"@id":"https:\/\/physio-area.net\/index.php\/product\/nordblade-3-0\/#breadcrumb"},"inLanguage":"en-US","potentialAction":[{"@type":"ReadAction","target":["https:\/\/physio-area.net\/index.php\/product\/nordblade-3-0\/"]}]},{"@type":"BreadcrumbList","@id":"https:\/\/physio-area.net\/index.php\/product\/nordblade-3-0\/#breadcrumb","itemListElement":[{"@type":"ListItem","position":1,"name":"Home","item":"https:\/\/physio-area.net\/"},{"@type":"ListItem","position":2,"name":"Categories","item":"https:\/\/physio-area.net\/index.php\/events-2\/categories\/"},{"@type":"ListItem","position":3,"name":"Nordblade 3.0"}]},{"@type":"WebSite","@id":"https:\/\/physio-area.net\/#website","url":"https:\/\/physio-area.net\/","name":"physio-area.net","description":"","potentialAction":[{"@type":"SearchAction","target":{"@type":"EntryPoint","urlTemplate":"https:\/\/physio-area.net\/?s={search_term_string}"},"query-input":"required name=search_term_string"}],"inLanguage":"en-US"}]}},"jetpack_sharing_enabled":true,"_links":{"self":[{"href":"https:\/\/physio-area.net\/index.php\/wp-json\/wp\/v2\/product\/3749"}],"collection":[{"href":"https:\/\/physio-area.net\/index.php\/wp-json\/wp\/v2\/product"}],"about":[{"href":"https:\/\/physio-area.net\/index.php\/wp-json\/wp\/v2\/types\/product"}],"replies":[{"embeddable":true,"href":"https:\/\/physio-area.net\/index.php\/wp-json\/wp\/v2\/comments?post=3749"}],"wp:featuredmedia":[{"embeddable":true,"href":"https:\/\/physio-area.net\/index.php\/wp-json\/wp\/v2\/media\/3741"}],"wp:attachment":[{"href":"https:\/\/physio-area.net\/index.php\/wp-json\/wp\/v2\/media?parent=3749"}],"wp:term":[{"taxonomy":"product_cat","embeddable":true,"href":"https:\/\/physio-area.net\/index.php\/wp-json\/wp\/v2\/product_cat?post=3749"},{"taxonomy":"product_tag","embeddable":true,"href":"https:\/\/physio-area.net\/index.php\/wp-json\/wp\/v2\/product_tag?post=3749"}],"curies":[{"name":"wp","href":"https:\/\/api.w.org\/{rel}","templated":true}]}}