{"id":3737,"date":"2025-04-10T12:25:49","date_gmt":"2025-04-10T12:25:49","guid":{"rendered":"https:\/\/physio-area.net\/?post_type=product&#038;p=3737"},"modified":"2025-04-10T12:31:46","modified_gmt":"2025-04-10T12:31:46","slug":"nordblade-2-0","status":"publish","type":"product","link":"https:\/\/physio-area.net\/index.php\/product\/nordblade-2-0\/","title":{"rendered":"Nordblade 2.0"},"content":{"rendered":"<p class=\"\" data-start=\"1567\" data-end=\"1786\">NordBlade 2.0 \u00ebsht\u00eb pasqyrimi i p\u00ebrsosur i NordBlade 1.0 (versionit t\u00eb par\u00eb), me t\u00eb nj\u00ebjtat karakteristika teknike dhe fuqi terapeutike, por e p\u00ebrshtatur p\u00ebr p\u00ebrdorues q\u00eb kan\u00eb preferenca t\u00eb ndryshme n\u00eb pun\u00ebn e dor\u00ebs apo stilin e trajtimit.<\/p>\n<p class=\"\" data-start=\"1788\" data-end=\"1992\">Me nj\u00eb dizajn t\u00eb shesht\u00eb dhe trash\u00ebsi 3 mm, NordBlade 2.0 leht\u00ebson aplikimin e presionit n\u00eb m\u00ebnyr\u00eb efikase, duke reduktuar lodhjen e duarve t\u00eb specialistit dhe duke mund\u00ebsuar trajtime t\u00eb thella dhe precize.<\/p>\n<p class=\"\" data-start=\"1994\" data-end=\"2275\">P\u00ebrmes ndikimit n\u00eb indet e buta \u2013 duke p\u00ebrfshir\u00eb l\u00ebkur\u00ebn, fasciat dhe muskujt \u2013 kjo veg\u00ebl ndihmon n\u00eb p\u00ebrmir\u00ebsimin e funksionit muskulor dhe rigjenerimin natyral t\u00eb indeve. P\u00ebrdorimi i rregullt ndihmon n\u00eb rikthimin e struktur\u00ebs normale t\u00eb indeve dhe p\u00ebrmir\u00ebson elasticitetin e tyre.<\/p>\n<p class=\"\" data-start=\"2277\" data-end=\"2308\"><strong data-start=\"2277\" data-end=\"2308\">Avantazhet e NordBlade 2.0:<\/strong><\/p>\n<ul data-start=\"2309\" data-end=\"2638\">\n<li class=\"\" data-start=\"2309\" data-end=\"2367\">\n<p class=\"\" data-start=\"2311\" data-end=\"2367\">Form\u00eb ergonomike p\u00ebr p\u00ebrdorim t\u00eb leht\u00eb dhe t\u00eb rehatsh\u00ebm;<\/p>\n<\/li>\n<li class=\"\" data-start=\"2368\" data-end=\"2430\">\n<p class=\"\" data-start=\"2370\" data-end=\"2430\">P\u00ebr shkak t\u00eb dizajnit universal, lejon q\u00eb t\u00eb mbahet n\u00eb dor\u00eb n\u00eb disa pozita;<\/p>\n<\/li>\n<li class=\"\" data-start=\"2431\" data-end=\"2502\">\n<p class=\"\" data-start=\"2433\" data-end=\"2502\">P\u00ebr arsye t\u00eb dizajnit unik lejon vler\u00ebsimin e indeve p\u00ebrmes l\u00ebkur\u00ebs;<\/p>\n<\/li>\n<li class=\"\" data-start=\"2503\" data-end=\"2548\">\n<p class=\"\" data-start=\"2505\" data-end=\"2548\">Pun\u00eb n\u00eb thell\u00ebsi fal\u00eb trash\u00ebsis\u00eb prej 3 mm;<\/p>\n<\/li>\n<li class=\"\" data-start=\"2549\" data-end=\"2638\">\n<p class=\"\" data-start=\"2551\" data-end=\"2638\">E p\u00ebrpunuar me dor\u00eb nga \u00e7elik kirurgjikal i cil\u00ebsis\u00eb s\u00eb lart\u00eb dhe e poliruar me kujdes.<\/p>\n<\/li>\n<li class=\"\" data-start=\"2549\" data-end=\"2638\">\n<p class=\"\" data-start=\"2551\" data-end=\"2638\">Vjen n\u00eb dy dizajne (mat dhe me shk\u00eblqim).<\/p>\n<\/li>\n<li data-start=\"2549\" data-end=\"2638\">P\u00ebr shkak t\u00eb materialeve kualitative ajo mund t\u00eb p\u00ebrdoret gjat\u00eb t\u00ebr\u00eb jet\u00ebs pa u d\u00ebmtuar.<\/li>\n<\/ul>\n<p class=\"\" data-start=\"2640\" data-end=\"2774\">NordBlade 2.0 \u00ebsht\u00eb mjeti ideal p\u00ebr specialist\u00ebt q\u00eb k\u00ebrkojn\u00eb performanc\u00eb t\u00eb lart\u00eb dhe p\u00ebrshtatje maksimale me nevojat e tyre praktike.<\/p>\n<p><span>Materiali: \u00e7elik mjek\u00ebsor<\/span><\/p>\n<p><span>Dimensionet: Gjat\u00ebsi: 27 cm, Gjer\u00ebsia: 7 cm.<\/span><\/p>\n<p><span>Pesha: 150 g.<\/span><\/p>\n<p>&#8221; nordblade, use it or lose it&#8221;<\/p>\n","protected":false},"excerpt":{"rendered":"<p>NordBlade 2.0 \u00ebsht\u00eb pasqyrimi i p\u00ebrsosur i NordBlade 1.0 (versionit t\u00eb par\u00eb), me t\u00eb nj\u00ebjtat karakteristika teknike dhe fuqi terapeutike, por e p\u00ebrshtatur p\u00ebr p\u00ebrdorues q\u00eb kan\u00eb preferenca t\u00eb ndryshme [&hellip;]<\/p>\n","protected":false},"featured_media":3740,"comment_status":"open","ping_status":"closed","template":"","meta":{"saved_in_kubio":false,"ub_ctt_via":"","_price":"130.00","_stock":"","_tribe_ticket_header":"","_tribe_default_ticket_provider":"","_tribe_ticket_capacity":"0","_ticket_start_date":"","_ticket_end_date":"","_tribe_ticket_show_description":"","_tribe_ticket_show_not_going":false,"_tribe_ticket_use_global_stock":"","_tribe_ticket_global_stock_level":"","_global_stock_mode":"","_global_stock_cap":"","_tribe_rsvp_for_event":"","_tribe_ticket_going_count":"","_tribe_ticket_not_going_count":"","_tribe_tickets_list":"[]","_tribe_ticket_has_attendee_info_fields":false},"product_cat":[47],"product_tag":[],"yoast_head":"<!-- This site is optimized with the Yoast SEO plugin v22.0 - https:\/\/yoast.com\/wordpress\/plugins\/seo\/ -->\n<title>Nordblade 2.0 - physio-area.net<\/title>\n<meta name=\"robots\" content=\"index, follow, max-snippet:-1, max-image-preview:large, max-video-preview:-1\" \/>\n<link rel=\"canonical\" href=\"https:\/\/physio-area.net\/index.php\/product\/nordblade-2-0\/\" \/>\n<meta property=\"og:locale\" content=\"en_US\" \/>\n<meta property=\"og:type\" content=\"article\" \/>\n<meta property=\"og:title\" content=\"Nordblade 2.0 - physio-area.net\" \/>\n<meta property=\"og:description\" content=\"NordBlade 2.0 \u00ebsht\u00eb pasqyrimi i p\u00ebrsosur i NordBlade 1.0 (versionit t\u00eb par\u00eb), me t\u00eb nj\u00ebjtat karakteristika teknike dhe fuqi terapeutike, por e p\u00ebrshtatur p\u00ebr p\u00ebrdorues q\u00eb kan\u00eb preferenca t\u00eb ndryshme [&hellip;]\" \/>\n<meta property=\"og:url\" content=\"https:\/\/physio-area.net\/index.php\/product\/nordblade-2-0\/\" \/>\n<meta property=\"og:site_name\" content=\"physio-area.net\" \/>\n<meta property=\"article:modified_time\" content=\"2025-04-10T12:31:46+00:00\" \/>\n<meta property=\"og:image\" content=\"http:\/\/physio-area.net\/wp-content\/uploads\/2025\/04\/Nordblade-2.0.jpg\" \/>\n\t<meta property=\"og:image:width\" content=\"1200\" \/>\n\t<meta property=\"og:image:height\" content=\"800\" \/>\n\t<meta property=\"og:image:type\" content=\"image\/jpeg\" \/>\n<meta name=\"twitter:card\" content=\"summary_large_image\" \/>\n<meta name=\"twitter:label1\" content=\"Est. reading time\" \/>\n\t<meta name=\"twitter:data1\" content=\"2 minutes\" \/>\n<script type=\"application\/ld+json\" class=\"yoast-schema-graph\">{\"@context\":\"https:\/\/schema.org\",\"@graph\":[{\"@type\":\"WebPage\",\"@id\":\"https:\/\/physio-area.net\/index.php\/product\/nordblade-2-0\/\",\"url\":\"https:\/\/physio-area.net\/index.php\/product\/nordblade-2-0\/\",\"name\":\"Nordblade 2.0 - physio-area.net\",\"isPartOf\":{\"@id\":\"https:\/\/physio-area.net\/#website\"},\"datePublished\":\"2025-04-10T12:25:49+00:00\",\"dateModified\":\"2025-04-10T12:31:46+00:00\",\"breadcrumb\":{\"@id\":\"https:\/\/physio-area.net\/index.php\/product\/nordblade-2-0\/#breadcrumb\"},\"inLanguage\":\"en-US\",\"potentialAction\":[{\"@type\":\"ReadAction\",\"target\":[\"https:\/\/physio-area.net\/index.php\/product\/nordblade-2-0\/\"]}]},{\"@type\":\"BreadcrumbList\",\"@id\":\"https:\/\/physio-area.net\/index.php\/product\/nordblade-2-0\/#breadcrumb\",\"itemListElement\":[{\"@type\":\"ListItem\",\"position\":1,\"name\":\"Home\",\"item\":\"https:\/\/physio-area.net\/\"},{\"@type\":\"ListItem\",\"position\":2,\"name\":\"Categories\",\"item\":\"https:\/\/physio-area.net\/index.php\/events-2\/categories\/\"},{\"@type\":\"ListItem\",\"position\":3,\"name\":\"Nordblade 2.0\"}]},{\"@type\":\"WebSite\",\"@id\":\"https:\/\/physio-area.net\/#website\",\"url\":\"https:\/\/physio-area.net\/\",\"name\":\"physio-area.net\",\"description\":\"\",\"potentialAction\":[{\"@type\":\"SearchAction\",\"target\":{\"@type\":\"EntryPoint\",\"urlTemplate\":\"https:\/\/physio-area.net\/?s={search_term_string}\"},\"query-input\":\"required name=search_term_string\"}],\"inLanguage\":\"en-US\"}]}<\/script>\n<!-- \/ Yoast SEO plugin. -->","yoast_head_json":{"title":"Nordblade 2.0 - physio-area.net","robots":{"index":"index","follow":"follow","max-snippet":"max-snippet:-1","max-image-preview":"max-image-preview:large","max-video-preview":"max-video-preview:-1"},"canonical":"https:\/\/physio-area.net\/index.php\/product\/nordblade-2-0\/","og_locale":"en_US","og_type":"article","og_title":"Nordblade 2.0 - physio-area.net","og_description":"NordBlade 2.0 \u00ebsht\u00eb pasqyrimi i p\u00ebrsosur i NordBlade 1.0 (versionit t\u00eb par\u00eb), me t\u00eb nj\u00ebjtat karakteristika teknike dhe fuqi terapeutike, por e p\u00ebrshtatur p\u00ebr p\u00ebrdorues q\u00eb kan\u00eb preferenca t\u00eb ndryshme [&hellip;]","og_url":"https:\/\/physio-area.net\/index.php\/product\/nordblade-2-0\/","og_site_name":"physio-area.net","article_modified_time":"2025-04-10T12:31:46+00:00","og_image":[{"width":1200,"height":800,"url":"http:\/\/physio-area.net\/wp-content\/uploads\/2025\/04\/Nordblade-2.0.jpg","type":"image\/jpeg"}],"twitter_card":"summary_large_image","twitter_misc":{"Est. reading time":"2 minutes"},"schema":{"@context":"https:\/\/schema.org","@graph":[{"@type":"WebPage","@id":"https:\/\/physio-area.net\/index.php\/product\/nordblade-2-0\/","url":"https:\/\/physio-area.net\/index.php\/product\/nordblade-2-0\/","name":"Nordblade 2.0 - physio-area.net","isPartOf":{"@id":"https:\/\/physio-area.net\/#website"},"datePublished":"2025-04-10T12:25:49+00:00","dateModified":"2025-04-10T12:31:46+00:00","breadcrumb":{"@id":"https:\/\/physio-area.net\/index.php\/product\/nordblade-2-0\/#breadcrumb"},"inLanguage":"en-US","potentialAction":[{"@type":"ReadAction","target":["https:\/\/physio-area.net\/index.php\/product\/nordblade-2-0\/"]}]},{"@type":"BreadcrumbList","@id":"https:\/\/physio-area.net\/index.php\/product\/nordblade-2-0\/#breadcrumb","itemListElement":[{"@type":"ListItem","position":1,"name":"Home","item":"https:\/\/physio-area.net\/"},{"@type":"ListItem","position":2,"name":"Categories","item":"https:\/\/physio-area.net\/index.php\/events-2\/categories\/"},{"@type":"ListItem","position":3,"name":"Nordblade 2.0"}]},{"@type":"WebSite","@id":"https:\/\/physio-area.net\/#website","url":"https:\/\/physio-area.net\/","name":"physio-area.net","description":"","potentialAction":[{"@type":"SearchAction","target":{"@type":"EntryPoint","urlTemplate":"https:\/\/physio-area.net\/?s={search_term_string}"},"query-input":"required name=search_term_string"}],"inLanguage":"en-US"}]}},"jetpack_sharing_enabled":true,"_links":{"self":[{"href":"https:\/\/physio-area.net\/index.php\/wp-json\/wp\/v2\/product\/3737"}],"collection":[{"href":"https:\/\/physio-area.net\/index.php\/wp-json\/wp\/v2\/product"}],"about":[{"href":"https:\/\/physio-area.net\/index.php\/wp-json\/wp\/v2\/types\/product"}],"replies":[{"embeddable":true,"href":"https:\/\/physio-area.net\/index.php\/wp-json\/wp\/v2\/comments?post=3737"}],"wp:featuredmedia":[{"embeddable":true,"href":"https:\/\/physio-area.net\/index.php\/wp-json\/wp\/v2\/media\/3740"}],"wp:attachment":[{"href":"https:\/\/physio-area.net\/index.php\/wp-json\/wp\/v2\/media?parent=3737"}],"wp:term":[{"taxonomy":"product_cat","embeddable":true,"href":"https:\/\/physio-area.net\/index.php\/wp-json\/wp\/v2\/product_cat?post=3737"},{"taxonomy":"product_tag","embeddable":true,"href":"https:\/\/physio-area.net\/index.php\/wp-json\/wp\/v2\/product_tag?post=3737"}],"curies":[{"name":"wp","href":"https:\/\/api.w.org\/{rel}","templated":true}]}}