{"id":2619,"date":"2024-02-13T08:47:47","date_gmt":"2024-02-13T08:47:47","guid":{"rendered":"https:\/\/physio-area.net\/?post_type=product&#038;p=2619"},"modified":"2025-02-13T23:17:25","modified_gmt":"2025-02-13T23:17:25","slug":"dryneedling","status":"publish","type":"product","link":"https:\/\/physio-area.net\/index.php\/product\/dryneedling\/","title":{"rendered":"Classic Plus Dry Needle"},"content":{"rendered":"<p>Gjilp\u00ebrat Classic Plus p\u00ebrdoren p\u00ebr aplikim t\u00eb Dryneedling n\u00eb Triggerpoints dhe vin\u00eb nga Anglia. Gjilp\u00ebrat jan\u00eb sterile t\u00eb pajisura me tubin e plastik\u00ebs p\u00ebr aplikim t\u00eb leht\u00eb dhe me mbajt\u00ebse nga material koper. Vijn\u00eb n\u00eb madh\u00ebsi t\u00eb ndryshme.<\/p>\n","protected":false},"excerpt":{"rendered":"<p>Gjilp\u00ebrat Classic Plus p\u00ebrdoren p\u00ebr aplikim t\u00eb Dryneedling n\u00eb Triggerpoints dhe vin\u00eb nga Anglia. Gjilp\u00ebrat jan\u00eb sterile t\u00eb pajisura me tubin e plastik\u00ebs p\u00ebr aplikim t\u00eb leht\u00eb dhe me mbajt\u00ebse [&hellip;]<\/p>\n","protected":false},"featured_media":3388,"comment_status":"open","ping_status":"closed","template":"","meta":{"saved_in_kubio":false,"ub_ctt_via":"","_price":"15.00","_stock":"","_tribe_ticket_header":"","_tribe_default_ticket_provider":"","_tribe_ticket_capacity":"0","_ticket_start_date":"","_ticket_end_date":"","_tribe_ticket_show_description":"","_tribe_ticket_show_not_going":false,"_tribe_ticket_use_global_stock":"","_tribe_ticket_global_stock_level":"","_global_stock_mode":"","_global_stock_cap":"","_tribe_rsvp_for_event":"","_tribe_ticket_going_count":"","_tribe_ticket_not_going_count":"","_tribe_tickets_list":"[]","_tribe_ticket_has_attendee_info_fields":false},"product_cat":[48],"product_tag":[],"yoast_head":"<!-- This site is optimized with the Yoast SEO plugin v22.0 - https:\/\/yoast.com\/wordpress\/plugins\/seo\/ -->\n<title>Classic Plus Dry Needle - physio-area.net<\/title>\n<meta name=\"robots\" content=\"index, follow, max-snippet:-1, max-image-preview:large, max-video-preview:-1\" \/>\n<link rel=\"canonical\" href=\"https:\/\/physio-area.net\/index.php\/product\/dryneedling\/\" \/>\n<meta property=\"og:locale\" content=\"en_US\" \/>\n<meta property=\"og:type\" content=\"article\" \/>\n<meta property=\"og:title\" content=\"Classic Plus Dry Needle - physio-area.net\" \/>\n<meta property=\"og:description\" content=\"Gjilp\u00ebrat Classic Plus p\u00ebrdoren p\u00ebr aplikim t\u00eb Dryneedling n\u00eb Triggerpoints dhe vin\u00eb nga Anglia. Gjilp\u00ebrat jan\u00eb sterile t\u00eb pajisura me tubin e plastik\u00ebs p\u00ebr aplikim t\u00eb leht\u00eb dhe me mbajt\u00ebse [&hellip;]\" \/>\n<meta property=\"og:url\" content=\"https:\/\/physio-area.net\/index.php\/product\/dryneedling\/\" \/>\n<meta property=\"og:site_name\" content=\"physio-area.net\" \/>\n<meta property=\"article:modified_time\" content=\"2025-02-13T23:17:25+00:00\" \/>\n<meta property=\"og:image\" content=\"http:\/\/physio-area.net\/wp-content\/uploads\/2025\/02\/classic_plus.png\" \/>\n\t<meta property=\"og:image:width\" content=\"495\" \/>\n\t<meta property=\"og:image:height\" content=\"435\" \/>\n\t<meta property=\"og:image:type\" content=\"image\/png\" \/>\n<meta name=\"twitter:card\" content=\"summary_large_image\" \/>\n<meta name=\"twitter:label1\" content=\"Est. reading time\" \/>\n\t<meta name=\"twitter:data1\" content=\"1 minute\" \/>\n<script type=\"application\/ld+json\" class=\"yoast-schema-graph\">{\"@context\":\"https:\/\/schema.org\",\"@graph\":[{\"@type\":\"WebPage\",\"@id\":\"https:\/\/physio-area.net\/index.php\/product\/dryneedling\/\",\"url\":\"https:\/\/physio-area.net\/index.php\/product\/dryneedling\/\",\"name\":\"Classic Plus Dry Needle - physio-area.net\",\"isPartOf\":{\"@id\":\"https:\/\/physio-area.net\/#website\"},\"datePublished\":\"2024-02-13T08:47:47+00:00\",\"dateModified\":\"2025-02-13T23:17:25+00:00\",\"breadcrumb\":{\"@id\":\"https:\/\/physio-area.net\/index.php\/product\/dryneedling\/#breadcrumb\"},\"inLanguage\":\"en-US\",\"potentialAction\":[{\"@type\":\"ReadAction\",\"target\":[\"https:\/\/physio-area.net\/index.php\/product\/dryneedling\/\"]}]},{\"@type\":\"BreadcrumbList\",\"@id\":\"https:\/\/physio-area.net\/index.php\/product\/dryneedling\/#breadcrumb\",\"itemListElement\":[{\"@type\":\"ListItem\",\"position\":1,\"name\":\"Home\",\"item\":\"https:\/\/physio-area.net\/\"},{\"@type\":\"ListItem\",\"position\":2,\"name\":\"Categories\",\"item\":\"https:\/\/physio-area.net\/index.php\/events-2\/categories\/\"},{\"@type\":\"ListItem\",\"position\":3,\"name\":\"Classic Plus Dry Needle\"}]},{\"@type\":\"WebSite\",\"@id\":\"https:\/\/physio-area.net\/#website\",\"url\":\"https:\/\/physio-area.net\/\",\"name\":\"physio-area.net\",\"description\":\"\",\"potentialAction\":[{\"@type\":\"SearchAction\",\"target\":{\"@type\":\"EntryPoint\",\"urlTemplate\":\"https:\/\/physio-area.net\/?s={search_term_string}\"},\"query-input\":\"required name=search_term_string\"}],\"inLanguage\":\"en-US\"}]}<\/script>\n<!-- \/ Yoast SEO plugin. -->","yoast_head_json":{"title":"Classic Plus Dry Needle - physio-area.net","robots":{"index":"index","follow":"follow","max-snippet":"max-snippet:-1","max-image-preview":"max-image-preview:large","max-video-preview":"max-video-preview:-1"},"canonical":"https:\/\/physio-area.net\/index.php\/product\/dryneedling\/","og_locale":"en_US","og_type":"article","og_title":"Classic Plus Dry Needle - physio-area.net","og_description":"Gjilp\u00ebrat Classic Plus p\u00ebrdoren p\u00ebr aplikim t\u00eb Dryneedling n\u00eb Triggerpoints dhe vin\u00eb nga Anglia. Gjilp\u00ebrat jan\u00eb sterile t\u00eb pajisura me tubin e plastik\u00ebs p\u00ebr aplikim t\u00eb leht\u00eb dhe me mbajt\u00ebse [&hellip;]","og_url":"https:\/\/physio-area.net\/index.php\/product\/dryneedling\/","og_site_name":"physio-area.net","article_modified_time":"2025-02-13T23:17:25+00:00","og_image":[{"width":495,"height":435,"url":"http:\/\/physio-area.net\/wp-content\/uploads\/2025\/02\/classic_plus.png","type":"image\/png"}],"twitter_card":"summary_large_image","twitter_misc":{"Est. reading time":"1 minute"},"schema":{"@context":"https:\/\/schema.org","@graph":[{"@type":"WebPage","@id":"https:\/\/physio-area.net\/index.php\/product\/dryneedling\/","url":"https:\/\/physio-area.net\/index.php\/product\/dryneedling\/","name":"Classic Plus Dry Needle - physio-area.net","isPartOf":{"@id":"https:\/\/physio-area.net\/#website"},"datePublished":"2024-02-13T08:47:47+00:00","dateModified":"2025-02-13T23:17:25+00:00","breadcrumb":{"@id":"https:\/\/physio-area.net\/index.php\/product\/dryneedling\/#breadcrumb"},"inLanguage":"en-US","potentialAction":[{"@type":"ReadAction","target":["https:\/\/physio-area.net\/index.php\/product\/dryneedling\/"]}]},{"@type":"BreadcrumbList","@id":"https:\/\/physio-area.net\/index.php\/product\/dryneedling\/#breadcrumb","itemListElement":[{"@type":"ListItem","position":1,"name":"Home","item":"https:\/\/physio-area.net\/"},{"@type":"ListItem","position":2,"name":"Categories","item":"https:\/\/physio-area.net\/index.php\/events-2\/categories\/"},{"@type":"ListItem","position":3,"name":"Classic Plus Dry Needle"}]},{"@type":"WebSite","@id":"https:\/\/physio-area.net\/#website","url":"https:\/\/physio-area.net\/","name":"physio-area.net","description":"","potentialAction":[{"@type":"SearchAction","target":{"@type":"EntryPoint","urlTemplate":"https:\/\/physio-area.net\/?s={search_term_string}"},"query-input":"required name=search_term_string"}],"inLanguage":"en-US"}]}},"jetpack_sharing_enabled":true,"_links":{"self":[{"href":"https:\/\/physio-area.net\/index.php\/wp-json\/wp\/v2\/product\/2619"}],"collection":[{"href":"https:\/\/physio-area.net\/index.php\/wp-json\/wp\/v2\/product"}],"about":[{"href":"https:\/\/physio-area.net\/index.php\/wp-json\/wp\/v2\/types\/product"}],"replies":[{"embeddable":true,"href":"https:\/\/physio-area.net\/index.php\/wp-json\/wp\/v2\/comments?post=2619"}],"wp:featuredmedia":[{"embeddable":true,"href":"https:\/\/physio-area.net\/index.php\/wp-json\/wp\/v2\/media\/3388"}],"wp:attachment":[{"href":"https:\/\/physio-area.net\/index.php\/wp-json\/wp\/v2\/media?parent=2619"}],"wp:term":[{"taxonomy":"product_cat","embeddable":true,"href":"https:\/\/physio-area.net\/index.php\/wp-json\/wp\/v2\/product_cat?post=2619"},{"taxonomy":"product_tag","embeddable":true,"href":"https:\/\/physio-area.net\/index.php\/wp-json\/wp\/v2\/product_tag?post=2619"}],"curies":[{"name":"wp","href":"https:\/\/api.w.org\/{rel}","templated":true}]}}